{"id":161,"date":"2019-09-25T11:31:29","date_gmt":"2019-09-25T14:31:29","guid":{"rendered":"https:\/\/cipead.ufpr.br\/?page_id=161"},"modified":"2025-04-02T13:26:38","modified_gmt":"2025-04-02T16:26:38","slug":"historico","status":"publish","type":"page","link":"https:\/\/cipead.ufpr.br\/index.php\/uab\/historico\/","title":{"rendered":"HIST\u00d3RICO"},"content":{"rendered":"\t\t<div data-elementor-type=\"wp-post\" data-elementor-id=\"161\" class=\"elementor elementor-161\">\n\t\t\t\t\t\t<section class=\"elementor-section elementor-top-section elementor-element elementor-element-43b606f6 elementor-section-boxed elementor-section-height-default elementor-section-height-default\" data-id=\"43b606f6\" data-element_type=\"section\" data-e-type=\"section\">\n\t\t\t\t\t\t<div class=\"elementor-container elementor-column-gap-default\">\n\t\t\t\t\t<div class=\"elementor-column elementor-col-66 elementor-top-column elementor-element elementor-element-4acd42ae\" data-id=\"4acd42ae\" data-element_type=\"column\" data-e-type=\"column\">\n\t\t\t<div class=\"elementor-widget-wrap elementor-element-populated\">\n\t\t\t\t\t\t<div class=\"elementor-element elementor-element-35f9a86 elementor-widget elementor-widget-text-editor\" data-id=\"35f9a86\" data-element_type=\"widget\" data-e-type=\"widget\" data-widget_type=\"text-editor.default\">\n\t\t\t\t<div class=\"elementor-widget-container\">\n\t\t\t\t\t\t\t\t\t<p data-raofz=\"14\"><span style=\"color: #000000;\">O Sistema UAB foi criado pelo Minist\u00e9rio da Educa\u00e7\u00e3o no ano de 2005, em parceria com a ANDIFES e Empresas Estatais, no \u00e2mbito do F\u00f3rum das Estatais pela Educa\u00e7\u00e3o com foco nas Pol\u00edticas e a Gest\u00e3o da Educa\u00e7\u00e3o Superior. Trata-se de uma pol\u00edtica p\u00fablica de articula\u00e7\u00e3o entre a Secretaria de Educa\u00e7\u00e3o a Dist\u00e2ncia \u2013 SEED\/MEC e a Diretoria de Educa\u00e7\u00e3o a Dist\u00e2ncia \u2013 DED\/CAPES com vistas \u00e0 expans\u00e3o da educa\u00e7\u00e3o superior, no \u00e2mbito do Plano de Desenvolvimento da Educa\u00e7\u00e3o \u2013 PDE.<\/span><\/p><p data-raofz=\"14\"><span style=\"color: #000000;\">O Sistema UAB sustenta-se em cinco eixos fundamentais:<\/span><\/p><ul><li data-raofz=\"14\"><span style=\"color: #000000;\">Expans\u00e3o p\u00fablica da educa\u00e7\u00e3o superior, considerando os processos de democratiza\u00e7\u00e3o e acesso;<\/span><\/li><li data-raofz=\"14\"><span style=\"color: #000000;\">Aperfei\u00e7oamento dos processos de gest\u00e3o das institui\u00e7\u00f5es de ensino superior, possibilitando sua expans\u00e3o em conson\u00e2ncia com as propostas educacionais dos estados e munic\u00edpios;<\/span><\/li><li data-raofz=\"14\"><span style=\"color: #000000;\">Avalia\u00e7\u00e3o da educa\u00e7\u00e3o superior a dist\u00e2ncia tendo por base os processos de flexibiliza\u00e7\u00e3o e regula\u00e7\u00e3o implantados pelo MEC;<\/span><\/li><li data-raofz=\"14\"><span style=\"color: #000000;\">Est\u00edmulo \u00e0 investiga\u00e7\u00e3o em educa\u00e7\u00e3o superior a dist\u00e2ncia no Pa\u00eds;<\/span><\/li><li data-raofz=\"14\"><span style=\"color: #000000;\">Financiamento dos processos de implanta\u00e7\u00e3o, execu\u00e7\u00e3o e forma\u00e7\u00e3o de recursos humanos em educa\u00e7\u00e3o superior a dist\u00e2ncia.<\/span><\/li><\/ul><p data-raofz=\"14\"><span style=\"color: #000000;\">Os primeiros cursos executados no \u00e2mbito do Sistema UAB resultaram da publica\u00e7\u00e3o de editais. O primeiro edital, conhecido como\u00a0UAB1, publicado em 20 de dezembro de 2005, permitiu a concretiza\u00e7\u00e3o do Sistema UAB, por meio da sele\u00e7\u00e3o para integra\u00e7\u00e3o e articula\u00e7\u00e3o das propostas de cursos, apresentadas exclusivamente por institui\u00e7\u00f5es federais de ensino superior, e as propostas de polos de apoio presencial, apresentadas por estados e munic\u00edpios.<\/span><\/p><p data-raofz=\"14\"><span style=\"color: #000000;\">O segundo edital, publicado em 18 de outubro de 2006, denominado\u00a0UAB2, diferiu da primeira experi\u00eancia por permitir a participa\u00e7\u00e3o de todas as institui\u00e7\u00f5es p\u00fablicas, inclusive as estaduais e municipais.<\/span><\/p><p data-raofz=\"14\"><span style=\"color: #000000;\">Em 2007, o sistema UAB repassou recursos \u00e0s institui\u00e7\u00f5es de ensino superior para a amplia\u00e7\u00e3o do acervo bibliogr\u00e1fico dos polos de apoio presencial. Foram adquiridos livros contemplando as \u00e1reas dos cursos ofertados nos polos. A bibliografia b\u00e1sica foi indicada por coordenadores de cursos e corroborada por coordenadores UAB.<\/span><\/p><p data-raofz=\"14\"><span style=\"color: #000000;\">Em 2008, merece destaque da atua\u00e7\u00e3o do Sistema UAB que fomentou a cria\u00e7\u00e3o de cursos na \u00e1rea de Administra\u00e7\u00e3o, de Gest\u00e3o P\u00fablica e outras \u00e1reas t\u00e9cnicas.<\/span><\/p><p data-raofz=\"14\"><span style=\"color: #000000;\">Atualmente, 88 institui\u00e7\u00f5es integram o Sistema UAB, entre universidades federais, universidades estaduais e Institutos Federais de Educa\u00e7\u00e3o, Ci\u00eancia e Tecnologia (IFETs). De 2007 a julho de 2009, foram aprovados e instalados 557 polos de apoio presencial com 187.154 vagas criadas. A UAB, ademais, em agosto de 2009, selecionou mais 163 novos polos, no \u00e2mbito do Plano de A\u00e7\u00f5es Articuladas, para equacionar a demanda e a oferta de forma\u00e7\u00e3o de professores na rede p\u00fablica da educa\u00e7\u00e3o b\u00e1sica, ampliando a rede para um total de 720 polos. Para 2010, espera-se a cria\u00e7\u00e3o de cerca de 200 polos.<\/span><\/p><p data-raofz=\"14\"><span style=\"color: #000000;\">A UAB continuar\u00e1 a apoiar a forma\u00e7\u00e3o de professores com a oferta de vagas n\u00e3o-presenciais para o Plano Nacional de Forma\u00e7\u00e3o de Professores da Educa\u00e7\u00e3o. Essas vagas atender\u00e3o a demanda levantada pela an\u00e1lise das pr\u00e9-inscri\u00e7\u00f5es realizadas na Plataforma Freire pelos professores brasileiros.<\/span><\/p>\t\t\t\t\t\t\t\t<\/div>\n\t\t\t\t<\/div>\n\t\t\t\t\t<\/div>\n\t\t<\/div>\n\t\t\t\t<div class=\"elementor-column elementor-col-33 elementor-top-column elementor-element elementor-element-334bcc67\" data-id=\"334bcc67\" data-element_type=\"column\" data-e-type=\"column\">\n\t\t\t<div class=\"elementor-widget-wrap\">\n\t\t\t\t\t\t\t<\/div>\n\t\t<\/div>\n\t\t\t\t\t<\/div>\n\t\t<\/section>\n\t\t\t\t<section class=\"elementor-section elementor-top-section elementor-element elementor-element-f284a84 elementor-section-boxed elementor-section-height-default elementor-section-height-default\" data-id=\"f284a84\" data-element_type=\"section\" data-e-type=\"section\">\n\t\t\t\t\t\t<div class=\"elementor-container elementor-column-gap-default\">\n\t\t\t\t\t<div class=\"elementor-column elementor-col-100 elementor-top-column elementor-element elementor-element-53d740fc\" data-id=\"53d740fc\" data-element_type=\"column\" data-e-type=\"column\">\n\t\t\t<div class=\"elementor-widget-wrap elementor-element-populated\">\n\t\t\t\t\t\t<div class=\"elementor-element elementor-element-506f30cb elementor-widget elementor-widget-spacer\" data-id=\"506f30cb\" data-element_type=\"widget\" data-e-type=\"widget\" data-widget_type=\"spacer.default\">\n\t\t\t\t<div class=\"elementor-widget-container\">\n\t\t\t\t\t\t\t<div class=\"elementor-spacer\">\n\t\t\t<div class=\"elementor-spacer-inner\"><\/div>\n\t\t<\/div>\n\t\t\t\t\t\t<\/div>\n\t\t\t\t<\/div>\n\t\t\t\t\t<\/div>\n\t\t<\/div>\n\t\t\t\t\t<\/div>\n\t\t<\/section>\n\t\t\t\t<section class=\"elementor-section elementor-top-section elementor-element elementor-element-f266b7d elementor-section-stretched elementor-section-boxed elementor-section-height-default elementor-section-height-default\" data-id=\"f266b7d\" data-element_type=\"section\" data-e-type=\"section\" data-settings=\"{&quot;stretch_section&quot;:&quot;section-stretched&quot;}\">\n\t\t\t\t\t\t<div class=\"elementor-container elementor-column-gap-default\">\n\t\t\t\t\t<div class=\"elementor-column elementor-col-100 elementor-top-column elementor-element elementor-element-91ba577\" data-id=\"91ba577\" data-element_type=\"column\" data-e-type=\"column\" data-settings=\"{&quot;background_background&quot;:&quot;classic&quot;}\">\n\t\t\t<div class=\"elementor-widget-wrap elementor-element-populated\">\n\t\t\t\t\t\t<div class=\"elementor-element elementor-element-d9e2177 elementor-widget elementor-widget-text-editor\" data-id=\"d9e2177\" data-element_type=\"widget\" data-e-type=\"widget\" data-widget_type=\"text-editor.default\">\n\t\t\t\t<div class=\"elementor-widget-container\">\n\t\t\t\t\t\t\t\t\t<span style=\"text-align: center;\">SEaDIP &#8211; Superintend\u00eancia de Educa\u00e7\u00e3o \u00e0 Dist\u00e2ncia e Inova\u00e7\u00f5es Pedag\u00f3gicas<\/span>\n<br><span style=\"text-align: center;\">Pra\u00e7a Santos Andrade, 50 | Centro | CEP: 80.020-300 | Curitiba\/PR<\/span><br>\n<span style=\"text-align: center;\">Contato (Teams ou e-mail):\u00a0 seadip@ufpr.br<\/span>\t\t\t\t\t\t\t\t<\/div>\n\t\t\t\t<\/div>\n\t\t\t\t<div class=\"elementor-element elementor-element-343b7cf elementor-shape-circle elementor-grid-0 e-grid-align-center elementor-widget elementor-widget-social-icons\" data-id=\"343b7cf\" data-element_type=\"widget\" data-e-type=\"widget\" data-widget_type=\"social-icons.default\">\n\t\t\t\t<div class=\"elementor-widget-container\">\n\t\t\t\t\t\t\t<div class=\"elementor-social-icons-wrapper elementor-grid\" role=\"list\">\n\t\t\t\t\t\t\t<span class=\"elementor-grid-item\" role=\"listitem\">\n\t\t\t\t\t<a class=\"elementor-icon elementor-social-icon elementor-social-icon-instagram elementor-repeater-item-8904920\" href=\"https:\/\/www.instagram.com\/cipead\" target=\"_blank\">\n\t\t\t\t\t\t<span class=\"elementor-screen-only\">Instagram<\/span>\n\t\t\t\t\t\t<i aria-hidden=\"true\" class=\"fab fa-instagram\"><\/i>\t\t\t\t\t<\/a>\n\t\t\t\t<\/span>\n\t\t\t\t\t\t\t<span class=\"elementor-grid-item\" role=\"listitem\">\n\t\t\t\t\t<a class=\"elementor-icon elementor-social-icon elementor-social-icon-youtube elementor-repeater-item-10dbd68\" href=\"https:\/\/www.youtube.com\/channel\/UCpdgtJ711ZSg029yKwyjzhA\/featured\" target=\"_blank\">\n\t\t\t\t\t\t<span class=\"elementor-screen-only\">Youtube<\/span>\n\t\t\t\t\t\t<i aria-hidden=\"true\" class=\"fab fa-youtube\"><\/i>\t\t\t\t\t<\/a>\n\t\t\t\t<\/span>\n\t\t\t\t\t\t\t<span class=\"elementor-grid-item\" role=\"listitem\">\n\t\t\t\t\t<a class=\"elementor-icon elementor-social-icon elementor-social-icon-envelope elementor-repeater-item-47ed4f2\" href=\"http:\/\/cipead.ufpr.br\/\/index.php\/contato\/\">\n\t\t\t\t\t\t<span class=\"elementor-screen-only\">Envelope<\/span>\n\t\t\t\t\t\t<i aria-hidden=\"true\" class=\"fas fa-envelope\"><\/i>\t\t\t\t\t<\/a>\n\t\t\t\t<\/span>\n\t\t\t\t\t<\/div>\n\t\t\t\t\t\t<\/div>\n\t\t\t\t<\/div>\n\t\t\t\t\t<\/div>\n\t\t<\/div>\n\t\t\t\t\t<\/div>\n\t\t<\/section>\n\t\t\t\t<\/div>\n\t\t","protected":false},"excerpt":{"rendered":"<p>O Sistema UAB foi criado pelo Minist\u00e9rio da Educa\u00e7\u00e3o no ano de 2005, em parceria com a ANDIFES e Empresas Estatais, no \u00e2mbito do F\u00f3rum das Estatais pela Educa\u00e7\u00e3o com foco nas Pol\u00edticas e a Gest\u00e3o da Educa\u00e7\u00e3o Superior. Trata-se&#8230; <a href=\"https:\/\/cipead.ufpr.br\/index.php\/uab\/historico\/\" class=\"readmore\">Leia mais&#8230;<span class=\"screen-reader-text\">HIST\u00d3RICO<\/span><span class=\"fa fa-angle-double-right\" aria-hidden=\"true\"><\/span><\/a><\/p>\n","protected":false},"author":1,"featured_media":0,"parent":157,"menu_order":0,"comment_status":"closed","ping_status":"closed","template":"template\/full-width.php","meta":{"_eb_attr":"","footnotes":""},"class_list":["post-161","page","type-page","status-publish","hentry"],"_links":{"self":[{"href":"https:\/\/cipead.ufpr.br\/index.php\/wp-json\/wp\/v2\/pages\/161","targetHints":{"allow":["GET"]}}],"collection":[{"href":"https:\/\/cipead.ufpr.br\/index.php\/wp-json\/wp\/v2\/pages"}],"about":[{"href":"https:\/\/cipead.ufpr.br\/index.php\/wp-json\/wp\/v2\/types\/page"}],"author":[{"embeddable":true,"href":"https:\/\/cipead.ufpr.br\/index.php\/wp-json\/wp\/v2\/users\/1"}],"replies":[{"embeddable":true,"href":"https:\/\/cipead.ufpr.br\/index.php\/wp-json\/wp\/v2\/comments?post=161"}],"version-history":[{"count":12,"href":"https:\/\/cipead.ufpr.br\/index.php\/wp-json\/wp\/v2\/pages\/161\/revisions"}],"predecessor-version":[{"id":9025,"href":"https:\/\/cipead.ufpr.br\/index.php\/wp-json\/wp\/v2\/pages\/161\/revisions\/9025"}],"up":[{"embeddable":true,"href":"https:\/\/cipead.ufpr.br\/index.php\/wp-json\/wp\/v2\/pages\/157"}],"wp:attachment":[{"href":"https:\/\/cipead.ufpr.br\/index.php\/wp-json\/wp\/v2\/media?parent=161"}],"curies":[{"name":"wp","href":"https:\/\/api.w.org\/{rel}","templated":true}]}}