{"id":163,"date":"2019-09-25T11:31:53","date_gmt":"2019-09-25T14:31:53","guid":{"rendered":"https:\/\/cipead.ufpr.br\/?page_id=163"},"modified":"2026-02-11T12:27:19","modified_gmt":"2026-02-11T15:27:19","slug":"polos","status":"publish","type":"page","link":"https:\/\/cipead.ufpr.br\/index.php\/uab\/polos\/","title":{"rendered":"POLOS"},"content":{"rendered":"\n<div id=\"map\" style=\"height: 600px;\"><\/div>\n\n<link rel=\"stylesheet\" href=\"https:\/\/unpkg.com\/leaflet\/dist\/leaflet.css\" \/>\n<script src=\"https:\/\/unpkg.com\/leaflet\/dist\/leaflet.js\"><\/script>\n\n<script>\n\n\/\/ Inicializa o mapa focado no Paran\u00e1\nvar map = L.map('map').setView([-24.5, -51.5], 7);\n\n\/\/ Camada base\nL.tileLayer('https:\/\/{s}.tile.openstreetmap.org\/{z}\/{x}\/{y}.png', {\n    attribution: '\u00a9 OpenStreetMap'\n}).addTo(map);\n\n\/\/ Fun\u00e7\u00e3o para adicionar marcadores\nfunction addCity(name, lat, lng, curso) {\n    L.marker([lat, lng])\n        .addTo(map)\n        .bindPopup(\"<b>\" + name + \"<\/b><br>\" + curso);\n}\n\n\/\/ ============================\n\/\/ PEDAGOGIA\n\/\/ ============================\naddCity(\"Campo Largo\", -25.458, -49.528, \"Pedagogia\");\naddCity(\"Curitiba\", -25.429, -49.271, \"Pedagogia\");\naddCity(\"Lapa\", -25.769, -49.715, \"Pedagogia\");\naddCity(\"Palmeira\", -25.425, -50.006, \"Pedagogia\");\naddCity(\"Paranagu\u00e1\", -25.516, -48.522, \"Pedagogia\");\naddCity(\"Ponta Grossa\", -25.095, -50.162, \"Pedagogia\");\naddCity(\"Pontal do Paran\u00e1\", -25.673, -48.511, \"Pedagogia\");\naddCity(\"Rio Branco do Sul\", -25.190, -49.314, \"Pedagogia\");\naddCity(\"Rio Negro\", -26.099, -49.799, \"Pedagogia\");\naddCity(\"S\u00e3o Jo\u00e3o do Triunfo\", -25.683, -50.296, \"Pedagogia\");\naddCity(\"Tel\u00eamaco Borba\", -24.324, -50.615, \"Pedagogia\");\naddCity(\"Tibagi\", -24.509, -50.417, \"Pedagogia\");\n\n\/\/ ============================\n\/\/ TECN\u00d3LOGO EM GEST\u00c3O CULTURAL\n\/\/ ============================\naddCity(\"Campo Largo\", -25.458, -49.528, \"Tecn\u00f3logo em Gest\u00e3o Cultural\");\naddCity(\"C\u00e9u Azul\", -25.148, -53.840, \"Tecn\u00f3logo em Gest\u00e3o Cultural\");\naddCity(\"Rio Branco do Sul\", -25.190, -49.314, \"Tecn\u00f3logo em Gest\u00e3o Cultural\");\naddCity(\"Ubirat\u00e3\", -24.539, -52.987, \"Tecn\u00f3logo em Gest\u00e3o Cultural\");\naddCity(\"Umuarama\", -23.765, -53.313, \"Tecn\u00f3logo em Gest\u00e3o Cultural\");\n\n\/\/ ============================\n\/\/ ESP. EDUCA\u00c7\u00c3O DE JOVENS E ADULTOS DO CAMPO\n\/\/ ============================\naddCity(\"Apucarana\", -23.551, -51.461, \"Esp. Educa\u00e7\u00e3o Jovens e Adultos do Campo\");\naddCity(\"Goioer\u00ea\", -24.184, -53.026, \"Esp. Educa\u00e7\u00e3o Jovens e Adultos do Campo\");\naddCity(\"Jaguapit\u00e3\", -23.110, -51.531, \"Esp. Educa\u00e7\u00e3o Jovens e Adultos do Campo\");\naddCity(\"Palmital\", -24.885, -52.202, \"Esp. Educa\u00e7\u00e3o Jovens e Adultos do Campo\");\naddCity(\"Siqueira Campos\", -23.688, -49.833, \"Esp. Educa\u00e7\u00e3o Jovens e Adultos do Campo\");\n\n\/\/ ============================\n\/\/ ESP. EDUCA\u00c7\u00c3O RELA\u00c7\u00d5ES RACIAIS\n\/\/ ============================\naddCity(\"Campo Largo\", -25.458, -49.528, \"Esp. Educa\u00e7\u00e3o Rela\u00e7\u00f5es Raciais\");\naddCity(\"C\u00e2ndido de Abreu\", -24.565, -51.330, \"Esp. Educa\u00e7\u00e3o Rela\u00e7\u00f5es Raciais\");\naddCity(\"Ponta Grossa\", -25.095, -50.162, \"Esp. Educa\u00e7\u00e3o Rela\u00e7\u00f5es Raciais\");\naddCity(\"Pontal do Paran\u00e1\", -25.673, -48.511, \"Esp. Educa\u00e7\u00e3o Rela\u00e7\u00f5es Raciais\");\naddCity(\"Tel\u00eamaco Borba\", -24.324, -50.615, \"Esp. Educa\u00e7\u00e3o Rela\u00e7\u00f5es Raciais\");\n\n\/\/ ============================\n\/\/ ESP. GEST\u00c3O ESCOLAR\n\/\/ ============================\naddCity(\"Campo Largo\", -25.458, -49.528, \"Esp. Gest\u00e3o Escolar\");\naddCity(\"Cerro Azul\", -24.824, -49.258, \"Esp. Gest\u00e3o Escolar\");\naddCity(\"Curitiba\", -25.429, -49.271, \"Esp. Gest\u00e3o Escolar\");\naddCity(\"Ponta Grossa\", -25.095, -50.162, \"Esp. Gest\u00e3o Escolar\");\naddCity(\"Rio Branco do Sul\", -25.190, -49.314, \"Esp. Gest\u00e3o Escolar\");\naddCity(\"Rio Negro\", -26.099, -49.799, \"Esp. Gest\u00e3o Escolar\");\n\n\/\/ ============================\n\/\/ ESP. GEST\u00c3O EM SA\u00daDE\n\/\/ ============================\naddCity(\"Campo Largo\", -25.458, -49.528, \"Esp. Gest\u00e3o em Sa\u00fade\");\naddCity(\"Cerro Azul\", -24.824, -49.258, \"Esp. Gest\u00e3o em Sa\u00fade\");\naddCity(\"Rio Branco do Sul\", -25.190, -49.314, \"Esp. Gest\u00e3o em Sa\u00fade\");\naddCity(\"Rio Negro\", -26.099, -49.799, \"Esp. Gest\u00e3o em Sa\u00fade\");\naddCity(\"Tibagi\", -24.509, -50.417, \"Esp. Gest\u00e3o em Sa\u00fade\");\n\n<\/script>\n\n","protected":false},"excerpt":{"rendered":"","protected":false},"author":1,"featured_media":0,"parent":157,"menu_order":0,"comment_status":"closed","ping_status":"closed","template":"template\/full-width.php","meta":{"_eb_attr":"","footnotes":""},"class_list":["post-163","page","type-page","status-publish","hentry"],"_links":{"self":[{"href":"https:\/\/cipead.ufpr.br\/index.php\/wp-json\/wp\/v2\/pages\/163","targetHints":{"allow":["GET"]}}],"collection":[{"href":"https:\/\/cipead.ufpr.br\/index.php\/wp-json\/wp\/v2\/pages"}],"about":[{"href":"https:\/\/cipead.ufpr.br\/index.php\/wp-json\/wp\/v2\/types\/page"}],"author":[{"embeddable":true,"href":"https:\/\/cipead.ufpr.br\/index.php\/wp-json\/wp\/v2\/users\/1"}],"replies":[{"embeddable":true,"href":"https:\/\/cipead.ufpr.br\/index.php\/wp-json\/wp\/v2\/comments?post=163"}],"version-history":[{"count":17,"href":"https:\/\/cipead.ufpr.br\/index.php\/wp-json\/wp\/v2\/pages\/163\/revisions"}],"predecessor-version":[{"id":10607,"href":"https:\/\/cipead.ufpr.br\/index.php\/wp-json\/wp\/v2\/pages\/163\/revisions\/10607"}],"up":[{"embeddable":true,"href":"https:\/\/cipead.ufpr.br\/index.php\/wp-json\/wp\/v2\/pages\/157"}],"wp:attachment":[{"href":"https:\/\/cipead.ufpr.br\/index.php\/wp-json\/wp\/v2\/media?parent=163"}],"curies":[{"name":"wp","href":"https:\/\/api.w.org\/{rel}","templated":true}]}}