{"id":25,"date":"2019-09-23T16:34:42","date_gmt":"2019-09-23T19:34:42","guid":{"rendered":"https:\/\/cipead.ufpr.br\/?page_id=25"},"modified":"2025-05-13T14:13:58","modified_gmt":"2025-05-13T17:13:58","slug":"apresentacao","status":"publish","type":"page","link":"https:\/\/cipead.ufpr.br\/index.php\/apresentacao\/","title":{"rendered":"APRESENTA\u00c7\u00c3O"},"content":{"rendered":"\t\t<div data-elementor-type=\"wp-post\" data-elementor-id=\"25\" class=\"elementor elementor-25\">\n\t\t\t\t\t\t<section class=\"elementor-section elementor-top-section elementor-element elementor-element-625f7fd elementor-section-boxed elementor-section-height-default elementor-section-height-default\" data-id=\"625f7fd\" data-element_type=\"section\" data-e-type=\"section\">\n\t\t\t\t\t\t<div class=\"elementor-container elementor-column-gap-default\">\n\t\t\t\t\t<div class=\"elementor-column elementor-col-66 elementor-top-column elementor-element elementor-element-a8ba567\" data-id=\"a8ba567\" data-element_type=\"column\" data-e-type=\"column\">\n\t\t\t<div class=\"elementor-widget-wrap elementor-element-populated\">\n\t\t\t\t\t\t<div class=\"elementor-element elementor-element-a96fd5d elementor-drop-cap-yes elementor-drop-cap-view-default elementor-widget elementor-widget-text-editor\" data-id=\"a96fd5d\" data-element_type=\"widget\" data-e-type=\"widget\" data-settings=\"{&quot;drop_cap&quot;:&quot;yes&quot;}\" data-widget_type=\"text-editor.default\">\n\t\t\t\t<div class=\"elementor-widget-container\">\n\t\t\t\t\t\t\t\t\t<p>A cria\u00e7\u00e3o da Superintend\u00eancia de Inova\u00e7\u00e3o Pedag\u00f3gica e Educa\u00e7\u00e3o a Dist\u00e2ncia (SEaDIP) ocorreu com a posse da nova gest\u00e3o da Universidade Federal do Paran\u00e1 (UFPR) para o per\u00edodo de 2025-2028. Vinculada diretamente \u00e0 Reitoria, a SEaDIP nasce como uma unidade executiva respons\u00e1vel pela coordena\u00e7\u00e3o de a\u00e7\u00f5es estrat\u00e9gicas voltadas \u00e0 inova\u00e7\u00e3o pedag\u00f3gica, \u00e0 promo\u00e7\u00e3o da educa\u00e7\u00e3o aberta e ao fortalecimento da educa\u00e7\u00e3o a dist\u00e2ncia na institui\u00e7\u00e3o, contribuindo para a moderniza\u00e7\u00e3o dos processos formativos e o acesso ampliado ao ensino superior de qualidade.<\/p><p><span style=\"color: #0041b2; font-size: 14pt;\"><strong>Atribui\u00e7\u00f5es:<\/strong><\/span><\/p><ul><li><p>Propor, implementar e acompanhar pol\u00edticas de Educa\u00e7\u00e3o Aberta, Educa\u00e7\u00e3o a Dist\u00e2ncia (EaD) e inova\u00e7\u00e3o pedag\u00f3gica na UFPR.<\/p><\/li><li><p>Assessorar a produ\u00e7\u00e3o de materiais e recursos educacionais com apoio das unidades acad\u00eamicas e N\u00facleos de Tecnologia Educacional (NTE).<\/p><\/li><li><p>Estimular o uso de metodologias educacionais inovadoras nos cursos da universidade.<\/p><\/li><li><p>Oferecer suporte t\u00e9cnico e pedag\u00f3gico \u00e0s atividades de Educa\u00e7\u00e3o Aberta e EaD.<\/p><\/li><li><p>Expandir o alcance da UFPR por meio da participa\u00e7\u00e3o em polos da Universidade Aberta do Brasil (UAB) e cria\u00e7\u00e3o de polos institucionais (UFPR +perto).<\/p><\/li><li><p>Garantir a presen\u00e7a da UFPR em f\u00f3runs estaduais, nacionais e internacionais sobre EaD, Educa\u00e7\u00e3o Aberta e Inova\u00e7\u00f5es Pedag\u00f3gicas.<\/p><\/li><li><p>Colaborar com demais inst\u00e2ncias da UFPR no atendimento \u00e0s demandas de forma\u00e7\u00e3o acad\u00eamica e profissional via EaD.<\/p><\/li><li><p>Apoiar a Reitoria na defini\u00e7\u00e3o e articula\u00e7\u00e3o de estrat\u00e9gias das pol\u00edticas de EaD.<\/p><\/li><li><p>Propor e coordenar conv\u00eanios, termos de coopera\u00e7\u00e3o e parcerias relacionadas \u00e0 EaD, Educa\u00e7\u00e3o Aberta e Inova\u00e7\u00f5es Pedag\u00f3gicas.<\/p><\/li><li><p>Coordenar as a\u00e7\u00f5es e ofertas de cursos de EaD vinculadas ao governo federal na UFPR.<\/p><\/li><\/ul><p><span style=\"color: #0041b2; font-size: 14pt;\"><strong>Miss\u00e3o:<\/strong><\/span><\/p><ul><li><p>Coordenar, implementar e monitorar a\u00e7\u00f5es educacionais inovadoras;<\/p><\/li><li><p>Promover a educa\u00e7\u00e3o aberta e a dist\u00e2ncia na UFPR;<\/p><\/li><li><p>Estimular o uso de tecnologias educacionais nos processos de ensino e aprendizagem;<\/p><\/li><li><p>Integrar metodologias pedag\u00f3gicas inovadoras no contexto acad\u00eamico;<\/p><\/li><li><p>Articular a\u00e7\u00f5es de ensino, pesquisa e extens\u00e3o de forma integrada.<\/p><\/li><\/ul>\t\t\t\t\t\t\t\t<\/div>\n\t\t\t\t<\/div>\n\t\t\t\t<div class=\"elementor-element elementor-element-eea1b61 elementor-widget elementor-widget-heading\" data-id=\"eea1b61\" data-element_type=\"widget\" data-e-type=\"widget\" data-widget_type=\"heading.default\">\n\t\t\t\t<div class=\"elementor-widget-container\">\n\t\t\t\t\t<h2 class=\"elementor-heading-title elementor-size-default\">Estrutura Organizacional SEaDIP<\/h2>\t\t\t\t<\/div>\n\t\t\t\t<\/div>\n\t\t\t\t<div class=\"elementor-element elementor-element-342648f elementor-widget elementor-widget-text-editor\" data-id=\"342648f\" data-element_type=\"widget\" data-e-type=\"widget\" data-widget_type=\"text-editor.default\">\n\t\t\t\t<div class=\"elementor-widget-container\">\n\t\t\t\t\t\t\t\t\t<p>Na SEaDIP, as unidades atuam de forma integrada e sin\u00e9rgica, promovendo coopera\u00e7\u00e3o e alinhamento para otimizar recursos, fortalecer a gest\u00e3o e garantir a efici\u00eancia nas atividades pedag\u00f3gicas, administrativas e or\u00e7ament\u00e1rias.<\/p>\t\t\t\t\t\t\t\t<\/div>\n\t\t\t\t<\/div>\n\t\t\t\t<div class=\"elementor-element elementor-element-4d42483 elementor-widget elementor-widget-image\" data-id=\"4d42483\" data-element_type=\"widget\" data-e-type=\"widget\" data-widget_type=\"image.default\">\n\t\t\t\t<div class=\"elementor-widget-container\">\n\t\t\t\t\t\t\t\t\t\t\t\t\t\t\t<img decoding=\"async\" src=\"https:\/\/cipead.ufpr.br\/wp-content\/uploads\/elementor\/thumbs\/ChatGPT-Image-13-de-mai.-de-2025-14_07_11-r5rb9h6zwkpfcktig9q1ejny0dkls7ov15t3ygypz4.png\" title=\"Estrutura Organizacional Diagrama\" alt=\"Organograma em formato de Diagrama de Venn com seis c\u00edrculos sobrepostos, dispostos de forma sim\u00e9trica e coloridos em tons pastel: rosa, roxo, azul e verde. Cada c\u00edrculo representa uma unidade organizacional da estrutura da SEaDIP com os seguintes r\u00f3tulos em letras mai\u00fasculas pretas: Gabinete do Superintendente Unidade de Apoio Administrativo Unidade de Controle e Execu\u00e7\u00e3o Or\u00e7ament\u00e1ria Gest\u00e3o UAB Se\u00e7\u00e3o de Inova\u00e7\u00e3o Tecnol\u00f3gica Se\u00e7\u00e3o EaD No centro da sobreposi\u00e7\u00e3o entre os c\u00edrculos, h\u00e1 um \u00edcone branco representando a educa\u00e7\u00e3o a dist\u00e2ncia: um notebook com um s\u00edmbolo de gradua\u00e7\u00e3o (capelo).\" loading=\"lazy\" \/>\t\t\t\t\t\t\t\t\t\t\t\t\t\t\t<\/div>\n\t\t\t\t<\/div>\n\t\t\t\t<div class=\"elementor-element elementor-element-8c77618 elementor-widget elementor-widget-text-editor\" data-id=\"8c77618\" data-element_type=\"widget\" data-e-type=\"widget\" data-widget_type=\"text-editor.default\">\n\t\t\t\t<div class=\"elementor-widget-container\">\n\t\t\t\t\t\t\t\t\t<p><strong><a href=\"https:\/\/cipead.ufpr.br\/index.php\/equipe\/\">Clique aqui<\/a> para conhecer a equipe da SEaDIP, com os respectivos servidores por unidade e suas escalas de trabalho.<\/strong><\/p>\t\t\t\t\t\t\t\t<\/div>\n\t\t\t\t<\/div>\n\t\t\t\t\t<\/div>\n\t\t<\/div>\n\t\t\t\t<div class=\"elementor-column elementor-col-33 elementor-top-column elementor-element elementor-element-2794827\" data-id=\"2794827\" data-element_type=\"column\" data-e-type=\"column\">\n\t\t\t<div class=\"elementor-widget-wrap elementor-element-populated\">\n\t\t\t\t\t\t<div class=\"elementor-element elementor-element-6c560f1f elementor-widget elementor-widget-spacer\" data-id=\"6c560f1f\" data-element_type=\"widget\" data-e-type=\"widget\" data-widget_type=\"spacer.default\">\n\t\t\t\t<div class=\"elementor-widget-container\">\n\t\t\t\t\t\t\t<div class=\"elementor-spacer\">\n\t\t\t<div class=\"elementor-spacer-inner\"><\/div>\n\t\t<\/div>\n\t\t\t\t\t\t<\/div>\n\t\t\t\t<\/div>\n\t\t\t\t\t<\/div>\n\t\t<\/div>\n\t\t\t\t\t<\/div>\n\t\t<\/section>\n\t\t\t\t<section class=\"elementor-section elementor-top-section elementor-element elementor-element-ee33b3b elementor-section-stretched elementor-section-boxed elementor-section-height-default elementor-section-height-default\" data-id=\"ee33b3b\" data-element_type=\"section\" data-e-type=\"section\" data-settings=\"{&quot;stretch_section&quot;:&quot;section-stretched&quot;}\">\n\t\t\t\t\t\t<div class=\"elementor-container elementor-column-gap-default\">\n\t\t\t\t\t<div class=\"elementor-column elementor-col-100 elementor-top-column elementor-element elementor-element-c1f519b\" data-id=\"c1f519b\" data-element_type=\"column\" data-e-type=\"column\" data-settings=\"{&quot;background_background&quot;:&quot;classic&quot;}\">\n\t\t\t<div class=\"elementor-widget-wrap elementor-element-populated\">\n\t\t\t\t\t\t<div class=\"elementor-element elementor-element-166baa7 elementor-widget elementor-widget-text-editor\" data-id=\"166baa7\" data-element_type=\"widget\" data-e-type=\"widget\" data-widget_type=\"text-editor.default\">\n\t\t\t\t<div class=\"elementor-widget-container\">\n\t\t\t\t\t\t\t\t\t<span style=\"text-align: center;\">SEaDIP &#8211; Superintend\u00eancia de Educa\u00e7\u00e3o \u00e0 Dist\u00e2ncia e Inova\u00e7\u00f5es Pedag\u00f3gicas<\/span>\n<br><span style=\"text-align: center;\">Pra\u00e7a Santos Andrade, 50 | Centro | CEP: 80.020-300 | Curitiba\/PR<\/span><br>\n<span style=\"text-align: center;\">Contato (Teams ou e-mail):\u00a0 seadip@ufpr.br<\/span>\t\t\t\t\t\t\t\t<\/div>\n\t\t\t\t<\/div>\n\t\t\t\t<div class=\"elementor-element elementor-element-8bf27eb elementor-shape-circle elementor-grid-0 e-grid-align-center elementor-widget elementor-widget-social-icons\" data-id=\"8bf27eb\" data-element_type=\"widget\" data-e-type=\"widget\" data-widget_type=\"social-icons.default\">\n\t\t\t\t<div class=\"elementor-widget-container\">\n\t\t\t\t\t\t\t<div class=\"elementor-social-icons-wrapper elementor-grid\" role=\"list\">\n\t\t\t\t\t\t\t<span class=\"elementor-grid-item\" role=\"listitem\">\n\t\t\t\t\t<a class=\"elementor-icon elementor-social-icon elementor-social-icon-instagram elementor-repeater-item-8904920\" href=\"https:\/\/www.instagram.com\/cipead\" target=\"_blank\">\n\t\t\t\t\t\t<span class=\"elementor-screen-only\">Instagram<\/span>\n\t\t\t\t\t\t<i aria-hidden=\"true\" class=\"fab fa-instagram\"><\/i>\t\t\t\t\t<\/a>\n\t\t\t\t<\/span>\n\t\t\t\t\t\t\t<span class=\"elementor-grid-item\" role=\"listitem\">\n\t\t\t\t\t<a class=\"elementor-icon elementor-social-icon elementor-social-icon-youtube elementor-repeater-item-10dbd68\" href=\"https:\/\/www.youtube.com\/channel\/UCpdgtJ711ZSg029yKwyjzhA\/featured\" target=\"_blank\">\n\t\t\t\t\t\t<span class=\"elementor-screen-only\">Youtube<\/span>\n\t\t\t\t\t\t<i aria-hidden=\"true\" class=\"fab fa-youtube\"><\/i>\t\t\t\t\t<\/a>\n\t\t\t\t<\/span>\n\t\t\t\t\t\t\t<span class=\"elementor-grid-item\" role=\"listitem\">\n\t\t\t\t\t<a class=\"elementor-icon elementor-social-icon elementor-social-icon-envelope elementor-repeater-item-47ed4f2\" href=\"http:\/\/cipead.ufpr.br\/\/index.php\/contato\/\">\n\t\t\t\t\t\t<span class=\"elementor-screen-only\">Envelope<\/span>\n\t\t\t\t\t\t<i aria-hidden=\"true\" class=\"fas fa-envelope\"><\/i>\t\t\t\t\t<\/a>\n\t\t\t\t<\/span>\n\t\t\t\t\t<\/div>\n\t\t\t\t\t\t<\/div>\n\t\t\t\t<\/div>\n\t\t\t\t\t<\/div>\n\t\t<\/div>\n\t\t\t\t\t<\/div>\n\t\t<\/section>\n\t\t\t\t<section class=\"elementor-section elementor-top-section elementor-element elementor-element-4e3ae8e4 elementor-hidden-desktop elementor-hidden-tablet elementor-hidden-mobile elementor-section-boxed elementor-section-height-default elementor-section-height-default\" data-id=\"4e3ae8e4\" data-element_type=\"section\" data-e-type=\"section\">\n\t\t\t\t\t\t<div class=\"elementor-container elementor-column-gap-default\">\n\t\t\t\t\t<div class=\"elementor-column elementor-col-100 elementor-top-column elementor-element elementor-element-3e0cf5d4\" data-id=\"3e0cf5d4\" data-element_type=\"column\" data-e-type=\"column\">\n\t\t\t<div class=\"elementor-widget-wrap elementor-element-populated\">\n\t\t\t\t\t\t<div class=\"elementor-element elementor-element-145a428 elementor-shape-circle elementor-grid-0 e-grid-align-center elementor-widget elementor-widget-social-icons\" data-id=\"145a428\" data-element_type=\"widget\" data-e-type=\"widget\" data-widget_type=\"social-icons.default\">\n\t\t\t\t<div class=\"elementor-widget-container\">\n\t\t\t\t\t\t\t<div class=\"elementor-social-icons-wrapper elementor-grid\" role=\"list\">\n\t\t\t\t\t\t\t<span class=\"elementor-grid-item\" role=\"listitem\">\n\t\t\t\t\t<a class=\"elementor-icon elementor-social-icon elementor-social-icon-instagram elementor-repeater-item-c57850d\" href=\"https:\/\/www.instagram.com\/cipead\" target=\"_blank\">\n\t\t\t\t\t\t<span class=\"elementor-screen-only\">Instagram<\/span>\n\t\t\t\t\t\t<i aria-hidden=\"true\" class=\"fab fa-instagram\"><\/i>\t\t\t\t\t<\/a>\n\t\t\t\t<\/span>\n\t\t\t\t\t\t\t<span class=\"elementor-grid-item\" role=\"listitem\">\n\t\t\t\t\t<a class=\"elementor-icon elementor-social-icon elementor-social-icon-youtube elementor-repeater-item-10dbd68\" href=\"https:\/\/www.youtube.com\/channel\/UCpdgtJ711ZSg029yKwyjzhA\/featured\" target=\"_blank\">\n\t\t\t\t\t\t<span class=\"elementor-screen-only\">Youtube<\/span>\n\t\t\t\t\t\t<i aria-hidden=\"true\" class=\"fab fa-youtube\"><\/i>\t\t\t\t\t<\/a>\n\t\t\t\t<\/span>\n\t\t\t\t\t\t\t<span class=\"elementor-grid-item\" role=\"listitem\">\n\t\t\t\t\t<a class=\"elementor-icon elementor-social-icon elementor-social-icon-envelope elementor-repeater-item-47ed4f2\" href=\"http:\/\/cipead.ufpr.br\/\/index.php\/contato\/\">\n\t\t\t\t\t\t<span class=\"elementor-screen-only\">Envelope<\/span>\n\t\t\t\t\t\t<i aria-hidden=\"true\" class=\"fas fa-envelope\"><\/i>\t\t\t\t\t<\/a>\n\t\t\t\t<\/span>\n\t\t\t\t\t<\/div>\n\t\t\t\t\t\t<\/div>\n\t\t\t\t<\/div>\n\t\t\t\t\t<\/div>\n\t\t<\/div>\n\t\t\t\t\t<\/div>\n\t\t<\/section>\n\t\t\t\t<section class=\"elementor-section elementor-top-section elementor-element elementor-element-3b0400a elementor-section-boxed elementor-section-height-default elementor-section-height-default\" data-id=\"3b0400a\" data-element_type=\"section\" data-e-type=\"section\">\n\t\t\t\t\t\t<div class=\"elementor-container elementor-column-gap-default\">\n\t\t\t\t\t<div class=\"elementor-column elementor-col-100 elementor-top-column elementor-element elementor-element-80953fb\" data-id=\"80953fb\" data-element_type=\"column\" data-e-type=\"column\">\n\t\t\t<div class=\"elementor-widget-wrap elementor-element-populated\">\n\t\t\t\t\t\t<div class=\"elementor-element elementor-element-e354371 elementor-widget elementor-widget-spacer\" data-id=\"e354371\" data-element_type=\"widget\" data-e-type=\"widget\" data-widget_type=\"spacer.default\">\n\t\t\t\t<div class=\"elementor-widget-container\">\n\t\t\t\t\t\t\t<div class=\"elementor-spacer\">\n\t\t\t<div class=\"elementor-spacer-inner\"><\/div>\n\t\t<\/div>\n\t\t\t\t\t\t<\/div>\n\t\t\t\t<\/div>\n\t\t\t\t\t<\/div>\n\t\t<\/div>\n\t\t\t\t\t<\/div>\n\t\t<\/section>\n\t\t\t\t<\/div>\n\t\t","protected":false},"excerpt":{"rendered":"<p>A cria\u00e7\u00e3o da Superintend\u00eancia de Inova\u00e7\u00e3o Pedag\u00f3gica e Educa\u00e7\u00e3o a Dist\u00e2ncia (SEaDIP) ocorreu com a posse da nova gest\u00e3o da Universidade Federal do Paran\u00e1 (UFPR) para o per\u00edodo de 2025-2028. Vinculada diretamente \u00e0 Reitoria, a SEaDIP nasce como uma unidade&#8230; <a href=\"https:\/\/cipead.ufpr.br\/index.php\/apresentacao\/\" class=\"readmore\">Leia mais&#8230;<span class=\"screen-reader-text\">APRESENTA\u00c7\u00c3O<\/span><span class=\"fa fa-angle-double-right\" aria-hidden=\"true\"><\/span><\/a><\/p>\n","protected":false},"author":39,"featured_media":0,"parent":0,"menu_order":0,"comment_status":"closed","ping_status":"closed","template":"template\/full-width.php","meta":{"_eb_attr":"","footnotes":""},"class_list":["post-25","page","type-page","status-publish","hentry"],"_links":{"self":[{"href":"https:\/\/cipead.ufpr.br\/index.php\/wp-json\/wp\/v2\/pages\/25","targetHints":{"allow":["GET"]}}],"collection":[{"href":"https:\/\/cipead.ufpr.br\/index.php\/wp-json\/wp\/v2\/pages"}],"about":[{"href":"https:\/\/cipead.ufpr.br\/index.php\/wp-json\/wp\/v2\/types\/page"}],"author":[{"embeddable":true,"href":"https:\/\/cipead.ufpr.br\/index.php\/wp-json\/wp\/v2\/users\/39"}],"replies":[{"embeddable":true,"href":"https:\/\/cipead.ufpr.br\/index.php\/wp-json\/wp\/v2\/comments?post=25"}],"version-history":[{"count":101,"href":"https:\/\/cipead.ufpr.br\/index.php\/wp-json\/wp\/v2\/pages\/25\/revisions"}],"predecessor-version":[{"id":9328,"href":"https:\/\/cipead.ufpr.br\/index.php\/wp-json\/wp\/v2\/pages\/25\/revisions\/9328"}],"wp:attachment":[{"href":"https:\/\/cipead.ufpr.br\/index.php\/wp-json\/wp\/v2\/media?parent=25"}],"curies":[{"name":"wp","href":"https:\/\/api.w.org\/{rel}","templated":true}]}}