{"id":3195,"date":"2020-06-29T22:16:23","date_gmt":"2020-06-30T01:16:23","guid":{"rendered":"https:\/\/cipead.ufpr.br\/?page_id=3195"},"modified":"2020-07-03T23:51:41","modified_gmt":"2020-07-04T02:51:41","slug":"plataformas-de-ensino-online","status":"publish","type":"page","link":"https:\/\/cipead.ufpr.br\/index.php\/periodo-especial-ufpr\/plataformas-de-ensino-online\/","title":{"rendered":"PLATAFORMAS DE ENSINO ONLINE"},"content":{"rendered":"\t\t<div data-elementor-type=\"wp-page\" data-elementor-id=\"3195\" class=\"elementor elementor-3195\">\n\t\t\t\t\t\t<section class=\"elementor-section elementor-top-section elementor-element elementor-element-3a417965 elementor-section-boxed elementor-section-height-default elementor-section-height-default\" data-id=\"3a417965\" data-element_type=\"section\" data-e-type=\"section\">\n\t\t\t\t\t\t<div class=\"elementor-container elementor-column-gap-default\">\n\t\t\t\t\t<div class=\"elementor-column elementor-col-66 elementor-top-column elementor-element elementor-element-4d641e29\" data-id=\"4d641e29\" data-element_type=\"column\" data-e-type=\"column\">\n\t\t\t<div class=\"elementor-widget-wrap elementor-element-populated\">\n\t\t\t\t\t\t<div class=\"elementor-element elementor-element-fe73352 content-align-cta-default elementor-widget elementor-widget-eael-cta-box\" data-id=\"fe73352\" data-element_type=\"widget\" data-e-type=\"widget\" data-widget_type=\"eael-cta-box.default\">\n\t\t\t\t<div class=\"elementor-widget-container\">\n\t\t\t\t\t\t\t<div class=\"eael-call-to-action cta-basic bg-lite cta-preset-1\">\n        <p><span style=\"font-size: 18pt;color: #ffff00\"><strong>AVISO IMPORTANTE!<\/strong><\/span><\/p><p><span style=\"color: #ffffff;font-size: 12pt\">Prezados docentes,<\/span><\/p><p><span style=\"color: #ffffff;font-size: 12pt\">Encaminhamos um passo a passo sobre o acesso \u00e0s salas de aprendizagem online da UFPR VIRTUAL para acolher as atividades ass\u00edncronas propostas nas disciplinas ofertadas no per\u00edodo especial.<\/span><\/p><p><span style=\"color: #ffffff;font-size: 12pt\"><span style=\"color: #ffff00\"><strong><a style=\"color: #ffff00\" href=\"http:\/\/cipead.ufpr.br\/\/files\/200630_UFPR_Virtual_e_Periodo_Especial.pdf\" target=\"_blank\" rel=\"noopener\">Clique aqui <\/a><\/strong><\/span>e acesse o passo a passo.<\/span><\/p><p><span style=\"color: #ffffff;font-size: 12pt\">Tamb\u00e9m encaminhamos o link com a apresenta\u00e7\u00e3o b\u00e1sica do funcionamento da sala de aula virtual: <\/span><br \/><span style=\"color: #ffff00\"><strong><a style=\"color: #ffff00\" href=\"https:\/\/ufprvirtual.ufpr.br\/mod\/mediagallery\/view.php?id=60441\" target=\"_blank\" rel=\"noopener\"><span style=\"font-size: 12pt\">https:\/\/ufprvirtual.ufpr.br\/mod\/mediagallery\/view.php?id=60441<\/span><\/a><\/strong><\/span><\/p><p><span style=\"color: #ffffff;font-size: 12pt\">Em breve, divulgaremos o cronograma de oficinas sobre a UFPR VIRTUAL.<\/span><\/p><p><strong><span style=\"color: #ffffff;font-size: 12pt\">Equipe CIPEAD\/COSIS<\/span><\/strong><\/p><a class=\"cta-button cta-preset-1  \"><\/a>\t<\/div>\n\t\t\t\t\t\t\t\t<\/div>\n\t\t\t\t<\/div>\n\t\t\t\t<div class=\"elementor-element elementor-element-9ec0991 elementor-widget elementor-widget-text-editor\" data-id=\"9ec0991\" data-element_type=\"widget\" data-e-type=\"widget\" data-widget_type=\"text-editor.default\">\n\t\t\t\t<div class=\"elementor-widget-container\">\n\t\t\t\t\t\t\t\t\t<p>\u00a0<\/p><p style=\"text-align: justify;\"><span style=\"font-size: 12pt; color: #000000;\">Levando em considera\u00e7\u00e3o a din\u00e2mica dos processos de ensino-aprendizagem no ensino superior, a CIPEAD coloca \u00e0 disposi\u00e7\u00e3o da comunidade acad\u00eamica a <span style=\"color: #00afdc;\"><strong>UFPR VIRTUAL<\/strong><\/span>, uma vers\u00e3o redesenhada do Moodle, pensada e desenvolvida para funcionar como um campus virtual da nossa universidade.<\/span><\/p><p style=\"text-align: justify;\"><span style=\"font-size: 12pt; color: #000000;\">Na UFPR VIRTUAL, que ser\u00e1 gradativamente integrada ao SIGA e aos demais sistemas da PROGRAD, a comunidade acad\u00eamica encontra um espa\u00e7o customizado com<\/span><\/p><p style=\"text-align: justify;\"><span style=\"font-size: 12pt; color: #000000;\">&#8211; Salas virtuais para as disciplinas dos cursos presenciais que podem ser alteradas e ampliadas de acordo com as especificidades do trabalho docente;<\/span><\/p><p style=\"text-align: justify;\"><span style=\"font-size: 12pt; color: #000000;\">&#8211; Espa\u00e7o virtual para ofertar cursos de extens\u00e3o e capacita\u00e7\u00e3o na modalidade EaD e\/ou H\u00edbrida;<\/span><\/p><p style=\"text-align: justify;\"><span style=\"font-size: 12pt; color: #000000;\">&#8211; Salas virtuais para articular\/gerenciar\/desenvolver os trabalhos de grupos de estudos, pesquisa, extens\u00e3o e\/ou outros programas institucionais.<\/span><\/p><p style=\"text-align: justify;\"><span style=\"font-size: 12pt; color: #000000;\">Tamb\u00e9m est\u00e3o dispon\u00edveis v\u00e1rios tutoriais \u2013 t\u00e9cnicos e pedag\u00f3gicos \u2013 para auxiliar a comunidade docente no uso dos recursos desse ambiente virtual de aprendizagem.<\/span><\/p><p style=\"text-align: justify;\"><span style=\"font-size: 12pt; color: #000000;\">Conhe\u00e7a um pouco mais sobre esse projeto:<\/span><\/p><p style=\"text-align: justify;\"><iframe src=\"\/\/www.youtube.com\/embed\/3tm2hMilfWE\" width=\"1680\" height=\"450\" frameborder=\"0\" allowfullscreen=\"allowfullscreen\"><\/iframe><\/p><p style=\"text-align: justify;\"><a href=\"https:\/\/ufprvirtual.ufpr.br\/\" target=\"_blank\" rel=\"noopener\"><span style=\"color: #227ea2;\"><strong><span style=\"font-size: 12pt;\">Acesse a UFPR VIRTUAL aqui<\/span><\/strong><\/span><\/a><\/p><table style=\"width: 100%; border-collapse: collapse; border-style: groove; background-color: #c5e6f0; border-color: #00afdc;\"><tbody><tr><td style=\"width: 100%; background-color: #b4e8f0; border-color: #00afdc;\"><p><span style=\"color: #000000;\"><strong><span style=\"font-size: 12pt;\">ATEN\u00c7\u00c3O:<\/span><\/strong> <\/span><\/p><p><span style=\"color: #000000;\"><span style=\"font-size: 12pt;\">Seu <span style=\"text-decoration: underline;\"><strong>login<\/strong><\/span> na UFPR VIRTUAL <\/span><span style=\"font-size: 12pt;\">\u00e9 seu<\/span><strong><span style=\"font-size: 12pt;\"> CPF <\/span><\/strong><span style=\"font-size: 12pt;\">e sua<\/span> <span style=\"text-decoration: underline;\"><strong><span style=\"font-size: 12pt;\">senha<\/span><\/strong><\/span> <span style=\"font-size: 12pt;\">\u00e9 a<\/span><strong><span style=\"font-size: 12pt;\"> data de nascimento, sem barras.<\/span><\/strong><\/span><\/p><\/td><\/tr><\/tbody><\/table><div>\u00a0<\/div><p style=\"text-align: justify;\"><span style=\"font-size: 12pt; color: #000000;\">O trabalho de aprimoramento e integra\u00e7\u00e3o da UFPR VIRTUAL com outros sistemas da UFPR ser\u00e1 cont\u00ednuo e as contribui\u00e7\u00f5es, sugest\u00f5es e ideias ser\u00e3o sempre bem-vindas.<\/span><\/p>\t\t\t\t\t\t\t\t<\/div>\n\t\t\t\t<\/div>\n\t\t\t\t\t<\/div>\n\t\t<\/div>\n\t\t\t\t<div class=\"elementor-column elementor-col-33 elementor-top-column elementor-element elementor-element-62f39401\" data-id=\"62f39401\" data-element_type=\"column\" data-e-type=\"column\">\n\t\t\t<div class=\"elementor-widget-wrap\">\n\t\t\t\t\t\t\t<\/div>\n\t\t<\/div>\n\t\t\t\t\t<\/div>\n\t\t<\/section>\n\t\t\t\t<section class=\"elementor-section elementor-top-section elementor-element elementor-element-72f9d214 elementor-section-boxed elementor-section-height-default elementor-section-height-default\" data-id=\"72f9d214\" data-element_type=\"section\" data-e-type=\"section\">\n\t\t\t\t\t\t<div class=\"elementor-container elementor-column-gap-default\">\n\t\t\t\t\t<div class=\"elementor-column elementor-col-100 elementor-top-column elementor-element elementor-element-8b83b55\" data-id=\"8b83b55\" data-element_type=\"column\" data-e-type=\"column\">\n\t\t\t<div class=\"elementor-widget-wrap elementor-element-populated\">\n\t\t\t\t\t\t<div class=\"elementor-element elementor-element-3085eab1 elementor-widget elementor-widget-spacer\" data-id=\"3085eab1\" data-element_type=\"widget\" data-e-type=\"widget\" data-widget_type=\"spacer.default\">\n\t\t\t\t<div class=\"elementor-widget-container\">\n\t\t\t\t\t\t\t<div class=\"elementor-spacer\">\n\t\t\t<div class=\"elementor-spacer-inner\"><\/div>\n\t\t<\/div>\n\t\t\t\t\t\t<\/div>\n\t\t\t\t<\/div>\n\t\t\t\t\t<\/div>\n\t\t<\/div>\n\t\t\t\t\t<\/div>\n\t\t<\/section>\n\t\t\t\t<section class=\"elementor-section elementor-top-section elementor-element elementor-element-1cf675eb elementor-section-boxed elementor-section-height-default elementor-section-height-default\" data-id=\"1cf675eb\" data-element_type=\"section\" data-e-type=\"section\">\n\t\t\t\t\t\t<div class=\"elementor-container elementor-column-gap-default\">\n\t\t\t\t\t<div class=\"elementor-column elementor-col-100 elementor-top-column elementor-element elementor-element-7607f989\" data-id=\"7607f989\" data-element_type=\"column\" data-e-type=\"column\">\n\t\t\t<div class=\"elementor-widget-wrap elementor-element-populated\">\n\t\t\t\t\t\t<div class=\"elementor-element elementor-element-6e233ff4 elementor-widget elementor-widget-image\" data-id=\"6e233ff4\" data-element_type=\"widget\" data-e-type=\"widget\" data-widget_type=\"image.default\">\n\t\t\t\t<div class=\"elementor-widget-container\">\n\t\t\t\t\t\t\t\t\t\t\t\t\t\t\t<img fetchpriority=\"high\" decoding=\"async\" width=\"4168\" height=\"512\" src=\"https:\/\/cipead.ufpr.br\/wp-content\/uploads\/2019\/09\/rodape_site-1.png\" class=\"attachment-full size-full wp-image-297\" alt=\"\" srcset=\"https:\/\/cipead.ufpr.br\/wp-content\/uploads\/2019\/09\/rodape_site-1.png 4168w, https:\/\/cipead.ufpr.br\/wp-content\/uploads\/2019\/09\/rodape_site-1-300x37.png 300w, https:\/\/cipead.ufpr.br\/wp-content\/uploads\/2019\/09\/rodape_site-1-768x94.png 768w, https:\/\/cipead.ufpr.br\/wp-content\/uploads\/2019\/09\/rodape_site-1-1024x126.png 1024w\" sizes=\"(max-width: 4168px) 100vw, 4168px\" \/>\t\t\t\t\t\t\t\t\t\t\t\t\t\t\t<\/div>\n\t\t\t\t<\/div>\n\t\t\t\t\t<\/div>\n\t\t<\/div>\n\t\t\t\t\t<\/div>\n\t\t<\/section>\n\t\t\t\t<section class=\"elementor-section elementor-top-section elementor-element elementor-element-398990c9 elementor-section-boxed elementor-section-height-default elementor-section-height-default\" data-id=\"398990c9\" data-element_type=\"section\" data-e-type=\"section\">\n\t\t\t\t\t\t<div class=\"elementor-container elementor-column-gap-default\">\n\t\t\t\t\t<div class=\"elementor-column elementor-col-100 elementor-top-column elementor-element elementor-element-25f77fe5\" data-id=\"25f77fe5\" data-element_type=\"column\" data-e-type=\"column\">\n\t\t\t<div class=\"elementor-widget-wrap elementor-element-populated\">\n\t\t\t\t\t\t<div class=\"elementor-element elementor-element-18dc2251 elementor-shape-circle elementor-grid-0 e-grid-align-center elementor-widget elementor-widget-social-icons\" data-id=\"18dc2251\" data-element_type=\"widget\" data-e-type=\"widget\" data-widget_type=\"social-icons.default\">\n\t\t\t\t<div class=\"elementor-widget-container\">\n\t\t\t\t\t\t\t<div class=\"elementor-social-icons-wrapper elementor-grid\" role=\"list\">\n\t\t\t\t\t\t\t<span class=\"elementor-grid-item\" role=\"listitem\">\n\t\t\t\t\t<a class=\"elementor-icon elementor-social-icon elementor-social-icon-facebook elementor-repeater-item-a022130\" href=\"https:\/\/pt-br.facebook.com\/Cipead-UFPR-505827566179117\/\" target=\"_blank\">\n\t\t\t\t\t\t<span class=\"elementor-screen-only\">Facebook<\/span>\n\t\t\t\t\t\t<i aria-hidden=\"true\" class=\"fab fa-facebook\"><\/i>\t\t\t\t\t<\/a>\n\t\t\t\t<\/span>\n\t\t\t\t\t\t\t<span class=\"elementor-grid-item\" role=\"listitem\">\n\t\t\t\t\t<a class=\"elementor-icon elementor-social-icon elementor-social-icon-instagram elementor-repeater-item-f386e55\" href=\"https:\/\/www.instagram.com\/cipead.ufpr\/\" target=\"_blank\">\n\t\t\t\t\t\t<span class=\"elementor-screen-only\">Instagram<\/span>\n\t\t\t\t\t\t<i aria-hidden=\"true\" class=\"fab fa-instagram\"><\/i>\t\t\t\t\t<\/a>\n\t\t\t\t<\/span>\n\t\t\t\t\t\t\t<span class=\"elementor-grid-item\" role=\"listitem\">\n\t\t\t\t\t<a class=\"elementor-icon elementor-social-icon elementor-social-icon-soundcloud elementor-repeater-item-76abc36\" href=\"https:\/\/soundcloud.com\/user-618640587\" target=\"_blank\">\n\t\t\t\t\t\t<span class=\"elementor-screen-only\">Soundcloud<\/span>\n\t\t\t\t\t\t<i aria-hidden=\"true\" class=\"fab fa-soundcloud\"><\/i>\t\t\t\t\t<\/a>\n\t\t\t\t<\/span>\n\t\t\t\t\t\t\t<span class=\"elementor-grid-item\" role=\"listitem\">\n\t\t\t\t\t<a class=\"elementor-icon elementor-social-icon elementor-social-icon-youtube elementor-repeater-item-10dbd68\" href=\"https:\/\/www.youtube.com\/channel\/UCpdgtJ711ZSg029yKwyjzhA\/featured\" target=\"_blank\">\n\t\t\t\t\t\t<span class=\"elementor-screen-only\">Youtube<\/span>\n\t\t\t\t\t\t<i aria-hidden=\"true\" class=\"fab fa-youtube\"><\/i>\t\t\t\t\t<\/a>\n\t\t\t\t<\/span>\n\t\t\t\t\t\t\t<span class=\"elementor-grid-item\" role=\"listitem\">\n\t\t\t\t\t<a class=\"elementor-icon elementor-social-icon elementor-social-icon-envelope elementor-repeater-item-47ed4f2\" href=\"http:\/\/cipead.ufpr.br\/\/index.php\/contato\/\">\n\t\t\t\t\t\t<span class=\"elementor-screen-only\">Envelope<\/span>\n\t\t\t\t\t\t<i aria-hidden=\"true\" class=\"fas fa-envelope\"><\/i>\t\t\t\t\t<\/a>\n\t\t\t\t<\/span>\n\t\t\t\t\t<\/div>\n\t\t\t\t\t\t<\/div>\n\t\t\t\t<\/div>\n\t\t\t\t\t<\/div>\n\t\t<\/div>\n\t\t\t\t\t<\/div>\n\t\t<\/section>\n\t\t\t\t<\/div>\n\t\t","protected":false},"excerpt":{"rendered":"<p>AVISO IMPORTANTE! Prezados docentes, Encaminhamos um passo a passo sobre o acesso \u00e0s salas de aprendizagem online da UFPR VIRTUAL para acolher as atividades ass\u00edncronas propostas nas disciplinas ofertadas no per\u00edodo especial. Clique aqui e acesse o passo a passo&#8230;. <a href=\"https:\/\/cipead.ufpr.br\/index.php\/periodo-especial-ufpr\/plataformas-de-ensino-online\/\" class=\"readmore\">Leia mais&#8230;<span class=\"screen-reader-text\">PLATAFORMAS DE ENSINO ONLINE<\/span><span class=\"fa fa-angle-double-right\" aria-hidden=\"true\"><\/span><\/a><\/p>\n","protected":false},"author":1,"featured_media":0,"parent":3185,"menu_order":0,"comment_status":"closed","ping_status":"closed","template":"","meta":{"_eb_attr":"","footnotes":""},"class_list":["post-3195","page","type-page","status-publish","hentry"],"_links":{"self":[{"href":"https:\/\/cipead.ufpr.br\/index.php\/wp-json\/wp\/v2\/pages\/3195","targetHints":{"allow":["GET"]}}],"collection":[{"href":"https:\/\/cipead.ufpr.br\/index.php\/wp-json\/wp\/v2\/pages"}],"about":[{"href":"https:\/\/cipead.ufpr.br\/index.php\/wp-json\/wp\/v2\/types\/page"}],"author":[{"embeddable":true,"href":"https:\/\/cipead.ufpr.br\/index.php\/wp-json\/wp\/v2\/users\/1"}],"replies":[{"embeddable":true,"href":"https:\/\/cipead.ufpr.br\/index.php\/wp-json\/wp\/v2\/comments?post=3195"}],"version-history":[{"count":9,"href":"https:\/\/cipead.ufpr.br\/index.php\/wp-json\/wp\/v2\/pages\/3195\/revisions"}],"predecessor-version":[{"id":3695,"href":"https:\/\/cipead.ufpr.br\/index.php\/wp-json\/wp\/v2\/pages\/3195\/revisions\/3695"}],"up":[{"embeddable":true,"href":"https:\/\/cipead.ufpr.br\/index.php\/wp-json\/wp\/v2\/pages\/3185"}],"wp:attachment":[{"href":"https:\/\/cipead.ufpr.br\/index.php\/wp-json\/wp\/v2\/media?parent=3195"}],"curies":[{"name":"wp","href":"https:\/\/api.w.org\/{rel}","templated":true}]}}