{"id":4446,"date":"2020-11-25T22:44:01","date_gmt":"2020-11-26T01:44:01","guid":{"rendered":"https:\/\/cipead.ufpr.br\/?page_id=4446"},"modified":"2020-11-26T18:18:24","modified_gmt":"2020-11-26T21:18:24","slug":"formulario-proplan-dados-ead","status":"publish","type":"page","link":"https:\/\/cipead.ufpr.br\/index.php\/formulario-proplan-dados-ead\/","title":{"rendered":"FORMUL\u00c1RIO PROPLAN &#8211; COMPILA\u00c7\u00c3O DE DADOS EAD 2020"},"content":{"rendered":"\t\t<div data-elementor-type=\"wp-page\" data-elementor-id=\"4446\" class=\"elementor elementor-4446\">\n\t\t\t\t\t\t<section class=\"elementor-section elementor-top-section elementor-element elementor-element-88ead4a elementor-section-boxed elementor-section-height-default elementor-section-height-default\" data-id=\"88ead4a\" data-element_type=\"section\" data-e-type=\"section\">\n\t\t\t\t\t\t<div class=\"elementor-container elementor-column-gap-default\">\n\t\t\t\t\t<div class=\"elementor-column elementor-col-100 elementor-top-column elementor-element elementor-element-73a18ad\" data-id=\"73a18ad\" data-element_type=\"column\" data-e-type=\"column\">\n\t\t\t<div class=\"elementor-widget-wrap elementor-element-populated\">\n\t\t\t\t\t\t\t<\/div>\n\t\t<\/div>\n\t\t\t\t\t<\/div>\n\t\t<\/section>\n\t\t\t\t<\/div>\n\t\t","protected":false},"excerpt":{"rendered":"<p>Em atendimento ao Of\u00edcio 3057495 do processo 23075.058945\/2020-02 convocamos a todas as unidades administrativas da UFPR que preencham o formul\u00e1rio abaixo o qual servir\u00e1 para a compila\u00e7\u00e3o dos dados relativos \u00e0 EaD dos cursos em andamento no ano de 2020&#8230; <a href=\"https:\/\/cipead.ufpr.br\/index.php\/formulario-proplan-dados-ead\/\" class=\"readmore\">Leia mais&#8230;<span class=\"screen-reader-text\">FORMUL\u00c1RIO PROPLAN &#8211; COMPILA\u00c7\u00c3O DE DADOS EAD 2020<\/span><span class=\"fa fa-angle-double-right\" aria-hidden=\"true\"><\/span><\/a><\/p>\n","protected":false},"author":1,"featured_media":0,"parent":0,"menu_order":0,"comment_status":"closed","ping_status":"closed","template":"","meta":{"_eb_attr":"","footnotes":""},"class_list":["post-4446","page","type-page","status-publish","hentry"],"_links":{"self":[{"href":"https:\/\/cipead.ufpr.br\/index.php\/wp-json\/wp\/v2\/pages\/4446","targetHints":{"allow":["GET"]}}],"collection":[{"href":"https:\/\/cipead.ufpr.br\/index.php\/wp-json\/wp\/v2\/pages"}],"about":[{"href":"https:\/\/cipead.ufpr.br\/index.php\/wp-json\/wp\/v2\/types\/page"}],"author":[{"embeddable":true,"href":"https:\/\/cipead.ufpr.br\/index.php\/wp-json\/wp\/v2\/users\/1"}],"replies":[{"embeddable":true,"href":"https:\/\/cipead.ufpr.br\/index.php\/wp-json\/wp\/v2\/comments?post=4446"}],"version-history":[{"count":17,"href":"https:\/\/cipead.ufpr.br\/index.php\/wp-json\/wp\/v2\/pages\/4446\/revisions"}],"predecessor-version":[{"id":4465,"href":"https:\/\/cipead.ufpr.br\/index.php\/wp-json\/wp\/v2\/pages\/4446\/revisions\/4465"}],"wp:attachment":[{"href":"https:\/\/cipead.ufpr.br\/index.php\/wp-json\/wp\/v2\/media?parent=4446"}],"curies":[{"name":"wp","href":"https:\/\/api.w.org\/{rel}","templated":true}]}}