{"id":51,"date":"2019-09-24T11:09:50","date_gmt":"2019-09-24T14:09:50","guid":{"rendered":"https:\/\/cipead.ufpr.br\/?page_id=51"},"modified":"2026-01-26T17:16:31","modified_gmt":"2026-01-26T20:16:31","slug":"equipe","status":"publish","type":"page","link":"https:\/\/cipead.ufpr.br\/index.php\/equipe\/","title":{"rendered":"EQUIPE"},"content":{"rendered":"\t\t<div data-elementor-type=\"wp-post\" data-elementor-id=\"51\" class=\"elementor elementor-51\">\n\t\t\t\t\t\t<section class=\"elementor-section elementor-top-section elementor-element elementor-element-29437a47 elementor-section-boxed elementor-section-height-default elementor-section-height-default\" data-id=\"29437a47\" data-element_type=\"section\" data-e-type=\"section\">\n\t\t\t\t\t\t<div class=\"elementor-container elementor-column-gap-default\">\n\t\t\t\t\t<div class=\"elementor-column elementor-col-100 elementor-top-column elementor-element elementor-element-3e5466fd\" data-id=\"3e5466fd\" data-element_type=\"column\" data-e-type=\"column\">\n\t\t\t<div class=\"elementor-widget-wrap elementor-element-populated\">\n\t\t\t\t\t\t<div class=\"elementor-element elementor-element-3f4f9de elementor-widget__width-initial elementor-widget elementor-widget-text-editor\" data-id=\"3f4f9de\" data-element_type=\"widget\" data-e-type=\"widget\" data-widget_type=\"text-editor.default\">\n\t\t\t\t<div class=\"elementor-widget-container\">\n\t\t\t\t\t\t\t\t\t<p><span style=\"color: #18458c; font-size: 14pt;\"><strong>SUPERINTENDENTE<\/strong><\/span><\/p>\n<p><strong><span style=\"color: #000000;\">Glauco Gomes de Menezes<br><a href=\"http:\/\/lattes.cnpq.br\/4240755341639061\">Lattes<\/a> | <a href=\"https:\/\/outlook.office365.com\/owa\/calendar\/e621a193099249afb1325ce9d4e19dc2@ufpr.br\/32908f4838684c3a89a67eece1c7290112528358577703678797\/calendar.html\">Agenda&nbsp;<\/a><\/span><\/strong><\/p>\n<p><span style=\"color: #0041b2;\"><strong>Unidade de Apoio Administrativo<\/strong><\/span><\/p>\n<p><span style=\"color: #000000;\">&#8211;<\/span><\/p>\n<p><span style=\"color: #0041b2;\"><strong>Unidade de Controle e Execu\u00e7\u00e3o Or\u00e7ament\u00e1ria&nbsp;<\/strong><\/span><\/p>\n<ul>\n<li><span style=\"color: #000000;\"><strong>Naia Paula Yolanda Bittencourt Tortato<\/strong><\/span><br><span style=\"color: #000000;\"><em>Escala presencial:<\/em> <em>Ter\u00e7a-feira e Quarta-feira<\/em><\/span><\/li>\n<\/ul>\n<hr>\n<p><span style=\"color: #18458c; font-size: 14pt;\"><strong>COORDENADORIA DE INOVA\u00c7\u00c3O EDUCACIONAL<\/strong><\/span><\/p>\n<p><strong><span style=\"color: #000000;\">Coordenadora: Juliana Crespo Lopes<\/span><span style=\"color: #000000;\"><br><a href=\"http:\/\/lattes.cnpq.br\/9226071765136548\" target=\"_blank\" rel=\"noopener\">Lattes<\/a> | <a href=\"https:\/\/outlook.office365.com\/owa\/calendar\/5613fc5a99a045e6b20f645316290f00@ufpr.br\/c6ea565177414a0691c2af928e7e258118036704279372843534\/calendar.html\" target=\"_blank\" rel=\"noopener\">Agenda&nbsp;<\/a><\/span><\/strong><\/p>\n<p><span style=\"color: #0041b2;\"><strong>Se\u00e7\u00e3o EaD<\/strong><\/span><\/p>\n<ul>\n<li><span style=\"color: #000000;\"><strong>Anna Jungbluth<\/strong><\/span><br><span style=\"color: #000000;\"><em>Escala presencial:<\/em> <em>Quinta-feira e Sexta-feira<\/em><\/span><\/li>\n<li><span style=\"color: #000000;\"><strong>Marina Lupepso<\/strong><\/span><br><span style=\"color: #000000;\"><em>Teletrabalho integral<\/em><\/span><\/li>\n<li><span style=\"color: #000000;\"><strong>Renata Ramos das Neves<\/strong><\/span><br><span style=\"color: #000000;\"><em>Escala presencial: Ter\u00e7a-feira e Quinta-feira<\/em><\/span><\/li>\n<li><span style=\"color: #000000;\"><strong>Samara Oliveira Marques da Silva<\/strong><\/span><br><span style=\"color: #000000;\"><em>Escala presencial: Quarta-feira e Quinta-feira<\/em><\/span><\/li>\n<\/ul>\n<hr>\n<p><span style=\"color: #0041b2;\"><b>Se\u00e7\u00e3o de Inova\u00e7\u00e3o Tecnol\u00f3gica<\/b><\/span><\/p>\n<ul>\n<li><span style=\"color: #000000;\"><strong>Fabiana Costa Rabello<\/strong><\/span><br><span style=\"color: #000000;\"><em>Escala presencial:<\/em> <em>Ter\u00e7a-feira e Quarta-feira<\/em><\/span><\/li>\n<li><span style=\"color: #000000;\"><strong>Jos\u00e9 Eduardo dos Santos Geremias Junior<\/strong><\/span><br><span style=\"color: #000000;\"><em>Escala presencial: Segunda-feira e Ter\u00e7a-feira<\/em><\/span><\/li>\n<li><span style=\"color: #000000;\"><strong>Tiago Leinig<\/strong><\/span><br><em><span style=\"color: #000000;\">Escala presencial: Quinta-feira e Sexta-feira<\/span><\/em><\/li>\n<li><span style=\"color: #000000;\"><strong>Renato Ramos<\/strong><\/span><br><em style=\"color: #000000;\">Escala presencial: Ter\u00e7a-feira e Quinta-feira<\/em><\/li>\n<\/ul>\t\t\t\t\t\t\t\t<\/div>\n\t\t\t\t<\/div>\n\t\t\t\t\t<\/div>\n\t\t<\/div>\n\t\t\t\t\t<\/div>\n\t\t<\/section>\n\t\t\t\t<section class=\"elementor-section elementor-top-section elementor-element elementor-element-d2a839f elementor-section-stretched elementor-section-boxed elementor-section-height-default elementor-section-height-default\" data-id=\"d2a839f\" data-element_type=\"section\" data-e-type=\"section\" data-settings=\"{&quot;stretch_section&quot;:&quot;section-stretched&quot;}\">\n\t\t\t\t\t\t<div class=\"elementor-container elementor-column-gap-default\">\n\t\t\t\t\t<div class=\"elementor-column elementor-col-100 elementor-top-column elementor-element elementor-element-5c5648e\" data-id=\"5c5648e\" data-element_type=\"column\" data-e-type=\"column\" data-settings=\"{&quot;background_background&quot;:&quot;classic&quot;}\">\n\t\t\t<div class=\"elementor-widget-wrap elementor-element-populated\">\n\t\t\t\t\t\t<div class=\"elementor-element elementor-element-2d25594 elementor-widget elementor-widget-text-editor\" data-id=\"2d25594\" data-element_type=\"widget\" data-e-type=\"widget\" data-widget_type=\"text-editor.default\">\n\t\t\t\t<div class=\"elementor-widget-container\">\n\t\t\t\t\t\t\t\t\t<span style=\"text-align: center;\">SEaDIP &#8211; Superintend\u00eancia de Educa\u00e7\u00e3o \u00e0 Dist\u00e2ncia e Inova\u00e7\u00f5es Pedag\u00f3gicas<\/span>\n<br><span style=\"text-align: center;\">Pra\u00e7a Santos Andrade, 50 | Centro | CEP: 80.020-300 | Curitiba\/PR<\/span><br>\n<span style=\"text-align: center;\">Contato (Teams ou e-mail):\u00a0 seadip@ufpr.br<\/span>\t\t\t\t\t\t\t\t<\/div>\n\t\t\t\t<\/div>\n\t\t\t\t<div class=\"elementor-element elementor-element-6568302 elementor-shape-circle elementor-grid-0 e-grid-align-center elementor-widget elementor-widget-social-icons\" data-id=\"6568302\" data-element_type=\"widget\" data-e-type=\"widget\" data-widget_type=\"social-icons.default\">\n\t\t\t\t<div class=\"elementor-widget-container\">\n\t\t\t\t\t\t\t<div class=\"elementor-social-icons-wrapper elementor-grid\" role=\"list\">\n\t\t\t\t\t\t\t<span class=\"elementor-grid-item\" role=\"listitem\">\n\t\t\t\t\t<a class=\"elementor-icon elementor-social-icon elementor-social-icon-instagram elementor-repeater-item-8904920\" href=\"https:\/\/www.instagram.com\/cipead\" target=\"_blank\">\n\t\t\t\t\t\t<span class=\"elementor-screen-only\">Instagram<\/span>\n\t\t\t\t\t\t<i aria-hidden=\"true\" class=\"fab fa-instagram\"><\/i>\t\t\t\t\t<\/a>\n\t\t\t\t<\/span>\n\t\t\t\t\t\t\t<span class=\"elementor-grid-item\" role=\"listitem\">\n\t\t\t\t\t<a class=\"elementor-icon elementor-social-icon elementor-social-icon-youtube elementor-repeater-item-10dbd68\" href=\"https:\/\/www.youtube.com\/channel\/UCpdgtJ711ZSg029yKwyjzhA\/featured\" target=\"_blank\">\n\t\t\t\t\t\t<span class=\"elementor-screen-only\">Youtube<\/span>\n\t\t\t\t\t\t<i aria-hidden=\"true\" class=\"fab fa-youtube\"><\/i>\t\t\t\t\t<\/a>\n\t\t\t\t<\/span>\n\t\t\t\t\t\t\t<span class=\"elementor-grid-item\" role=\"listitem\">\n\t\t\t\t\t<a class=\"elementor-icon elementor-social-icon elementor-social-icon-envelope elementor-repeater-item-47ed4f2\" href=\"http:\/\/cipead.ufpr.br\/\/index.php\/contato\/\">\n\t\t\t\t\t\t<span class=\"elementor-screen-only\">Envelope<\/span>\n\t\t\t\t\t\t<i aria-hidden=\"true\" class=\"fas fa-envelope\"><\/i>\t\t\t\t\t<\/a>\n\t\t\t\t<\/span>\n\t\t\t\t\t<\/div>\n\t\t\t\t\t\t<\/div>\n\t\t\t\t<\/div>\n\t\t\t\t\t<\/div>\n\t\t<\/div>\n\t\t\t\t\t<\/div>\n\t\t<\/section>\n\t\t\t\t<\/div>\n\t\t","protected":false},"excerpt":{"rendered":"<p>SUPERINTENDENTE Glauco Gomes de MenezesLattes | Agenda&nbsp; Unidade de Apoio Administrativo &#8211; Unidade de Controle e Execu\u00e7\u00e3o Or\u00e7ament\u00e1ria&nbsp; Naia Paula Yolanda Bittencourt TortatoEscala presencial: Ter\u00e7a-feira e Quarta-feira COORDENADORIA DE INOVA\u00c7\u00c3O EDUCACIONAL Coordenadora: Juliana Crespo LopesLattes | Agenda&nbsp; Se\u00e7\u00e3o EaD Anna&#8230; <a href=\"https:\/\/cipead.ufpr.br\/index.php\/equipe\/\" class=\"readmore\">Leia mais&#8230;<span class=\"screen-reader-text\">EQUIPE<\/span><span class=\"fa fa-angle-double-right\" aria-hidden=\"true\"><\/span><\/a><\/p>\n","protected":false},"author":1,"featured_media":0,"parent":0,"menu_order":0,"comment_status":"closed","ping_status":"closed","template":"template\/full-width.php","meta":{"_eb_attr":"","footnotes":""},"class_list":["post-51","page","type-page","status-publish","hentry"],"_links":{"self":[{"href":"https:\/\/cipead.ufpr.br\/index.php\/wp-json\/wp\/v2\/pages\/51","targetHints":{"allow":["GET"]}}],"collection":[{"href":"https:\/\/cipead.ufpr.br\/index.php\/wp-json\/wp\/v2\/pages"}],"about":[{"href":"https:\/\/cipead.ufpr.br\/index.php\/wp-json\/wp\/v2\/types\/page"}],"author":[{"embeddable":true,"href":"https:\/\/cipead.ufpr.br\/index.php\/wp-json\/wp\/v2\/users\/1"}],"replies":[{"embeddable":true,"href":"https:\/\/cipead.ufpr.br\/index.php\/wp-json\/wp\/v2\/comments?post=51"}],"version-history":[{"count":161,"href":"https:\/\/cipead.ufpr.br\/index.php\/wp-json\/wp\/v2\/pages\/51\/revisions"}],"predecessor-version":[{"id":10602,"href":"https:\/\/cipead.ufpr.br\/index.php\/wp-json\/wp\/v2\/pages\/51\/revisions\/10602"}],"wp:attachment":[{"href":"https:\/\/cipead.ufpr.br\/index.php\/wp-json\/wp\/v2\/media?parent=51"}],"curies":[{"name":"wp","href":"https:\/\/api.w.org\/{rel}","templated":true}]}}