{"id":5244,"date":"2022-03-04T12:05:01","date_gmt":"2022-03-04T15:05:01","guid":{"rendered":"https:\/\/cipead.ufpr.br\/?page_id=5244"},"modified":"2022-05-25T11:40:06","modified_gmt":"2022-05-25T14:40:06","slug":"selecao-bolsista-2022","status":"publish","type":"page","link":"https:\/\/cipead.ufpr.br\/index.php\/selecao-bolsista-2022\/","title":{"rendered":"SELE\u00c7\u00c3O BOLSISTA 2022"},"content":{"rendered":"\t\t<div data-elementor-type=\"wp-page\" data-elementor-id=\"5244\" class=\"elementor elementor-5244\">\n\t\t\t\t\t\t<section class=\"elementor-section elementor-top-section elementor-element elementor-element-578109d elementor-section-boxed elementor-section-height-default elementor-section-height-default\" data-id=\"578109d\" data-element_type=\"section\" data-e-type=\"section\">\n\t\t\t\t\t\t<div class=\"elementor-container elementor-column-gap-default\">\n\t\t\t\t\t<div class=\"elementor-column elementor-col-100 elementor-top-column elementor-element elementor-element-2565bd9\" data-id=\"2565bd9\" data-element_type=\"column\" data-e-type=\"column\">\n\t\t\t<div class=\"elementor-widget-wrap elementor-element-populated\">\n\t\t\t\t\t\t\t<\/div>\n\t\t<\/div>\n\t\t\t\t\t<\/div>\n\t\t<\/section>\n\t\t\t\t<\/div>\n\t\t","protected":false},"excerpt":{"rendered":"<p>Web DesignerDesigner EducacionalProgramador de SiteSuporte \u00e0s PlataformasRevisorEditor de V\u00eddeoLibras Nome Completo: Email: CPF: RG: Curso de Gradua\u00e7\u00e3o matriculado na UFPR: GRR: Anexar as c\u00f3pias dos seguintes documentos em formato PDF: C\u00f3pia do RG: C\u00f3pia do CPF: C\u00f3pia do Comprovante de&#8230; <a href=\"https:\/\/cipead.ufpr.br\/index.php\/selecao-bolsista-2022\/\" class=\"readmore\">Leia mais&#8230;<span class=\"screen-reader-text\">SELE\u00c7\u00c3O BOLSISTA 2022<\/span><span class=\"fa fa-angle-double-right\" aria-hidden=\"true\"><\/span><\/a><\/p>\n","protected":false},"author":1,"featured_media":0,"parent":0,"menu_order":0,"comment_status":"closed","ping_status":"closed","template":"","meta":{"_eb_attr":"","footnotes":""},"class_list":["post-5244","page","type-page","status-publish","hentry"],"_links":{"self":[{"href":"https:\/\/cipead.ufpr.br\/index.php\/wp-json\/wp\/v2\/pages\/5244","targetHints":{"allow":["GET"]}}],"collection":[{"href":"https:\/\/cipead.ufpr.br\/index.php\/wp-json\/wp\/v2\/pages"}],"about":[{"href":"https:\/\/cipead.ufpr.br\/index.php\/wp-json\/wp\/v2\/types\/page"}],"author":[{"embeddable":true,"href":"https:\/\/cipead.ufpr.br\/index.php\/wp-json\/wp\/v2\/users\/1"}],"replies":[{"embeddable":true,"href":"https:\/\/cipead.ufpr.br\/index.php\/wp-json\/wp\/v2\/comments?post=5244"}],"version-history":[{"count":7,"href":"https:\/\/cipead.ufpr.br\/index.php\/wp-json\/wp\/v2\/pages\/5244\/revisions"}],"predecessor-version":[{"id":5304,"href":"https:\/\/cipead.ufpr.br\/index.php\/wp-json\/wp\/v2\/pages\/5244\/revisions\/5304"}],"wp:attachment":[{"href":"https:\/\/cipead.ufpr.br\/index.php\/wp-json\/wp\/v2\/media?parent=5244"}],"curies":[{"name":"wp","href":"https:\/\/api.w.org\/{rel}","templated":true}]}}