{"id":5337,"date":"2022-06-23T14:33:51","date_gmt":"2022-06-23T17:33:51","guid":{"rendered":"https:\/\/cipead.ufpr.br\/?page_id=5337"},"modified":"2022-06-23T14:36:39","modified_gmt":"2022-06-23T17:36:39","slug":"inscricao-designer-educacional-2022","status":"publish","type":"page","link":"https:\/\/cipead.ufpr.br\/index.php\/inscricao-designer-educacional-2022\/","title":{"rendered":"Inscri\u00e7\u00e3o Designer Educacional 2022"},"content":{"rendered":"\t\t<div data-elementor-type=\"wp-page\" data-elementor-id=\"5337\" class=\"elementor elementor-5337\">\n\t\t\t\t\t\t<section class=\"elementor-section elementor-top-section elementor-element elementor-element-b3a3e04 elementor-section-boxed elementor-section-height-default elementor-section-height-default\" data-id=\"b3a3e04\" data-element_type=\"section\" data-e-type=\"section\">\n\t\t\t\t\t\t<div class=\"elementor-container elementor-column-gap-default\">\n\t\t\t\t\t<div class=\"elementor-column elementor-col-100 elementor-top-column elementor-element elementor-element-23821d6\" data-id=\"23821d6\" data-element_type=\"column\" data-e-type=\"column\">\n\t\t\t<div class=\"elementor-widget-wrap elementor-element-populated\">\n\t\t\t\t\t\t\t<\/div>\n\t\t<\/div>\n\t\t\t\t\t<\/div>\n\t\t<\/section>\n\t\t\t\t<\/div>\n\t\t","protected":false},"excerpt":{"rendered":"<p>Designer Educacional Nome Completo: Email: Telefone: CPF: RG: Curso na UFPR: GRR: Anexar as c\u00f3pias dos seguintes documentos em formato PDF:C\u00f3pia do RG: C\u00f3pia do CPF: C\u00f3pia do Comprovante de Matr\u00edcula: Carta de Inten\u00e7\u00e3o at\u00e9 15 linhas: &nbsp;<\/p>\n","protected":false},"author":1,"featured_media":0,"parent":0,"menu_order":0,"comment_status":"closed","ping_status":"closed","template":"","meta":{"_eb_attr":"","footnotes":""},"class_list":["post-5337","page","type-page","status-publish","hentry"],"_links":{"self":[{"href":"https:\/\/cipead.ufpr.br\/index.php\/wp-json\/wp\/v2\/pages\/5337","targetHints":{"allow":["GET"]}}],"collection":[{"href":"https:\/\/cipead.ufpr.br\/index.php\/wp-json\/wp\/v2\/pages"}],"about":[{"href":"https:\/\/cipead.ufpr.br\/index.php\/wp-json\/wp\/v2\/types\/page"}],"author":[{"embeddable":true,"href":"https:\/\/cipead.ufpr.br\/index.php\/wp-json\/wp\/v2\/users\/1"}],"replies":[{"embeddable":true,"href":"https:\/\/cipead.ufpr.br\/index.php\/wp-json\/wp\/v2\/comments?post=5337"}],"version-history":[{"count":3,"href":"https:\/\/cipead.ufpr.br\/index.php\/wp-json\/wp\/v2\/pages\/5337\/revisions"}],"predecessor-version":[{"id":5345,"href":"https:\/\/cipead.ufpr.br\/index.php\/wp-json\/wp\/v2\/pages\/5337\/revisions\/5345"}],"wp:attachment":[{"href":"https:\/\/cipead.ufpr.br\/index.php\/wp-json\/wp\/v2\/media?parent=5337"}],"curies":[{"name":"wp","href":"https:\/\/api.w.org\/{rel}","templated":true}]}}