{"id":8293,"date":"2025-02-27T09:11:31","date_gmt":"2025-02-27T12:11:31","guid":{"rendered":"https:\/\/cipead.ufpr.br\/?page_id=8293"},"modified":"2025-06-18T14:56:33","modified_gmt":"2025-06-18T17:56:33","slug":"legislacao-ufpr","status":"publish","type":"page","link":"https:\/\/cipead.ufpr.br\/index.php\/legislacao-ufpr\/","title":{"rendered":"LEGISLA\u00c7\u00c3O UFPR"},"content":{"rendered":"\t\t<div data-elementor-type=\"wp-page\" data-elementor-id=\"8293\" class=\"elementor elementor-8293\">\n\t\t\t\t\t\t<section class=\"elementor-section elementor-top-section elementor-element elementor-element-6e49190 elementor-section-boxed elementor-section-height-default elementor-section-height-default\" data-id=\"6e49190\" data-element_type=\"section\" data-e-type=\"section\">\n\t\t\t\t\t\t<div class=\"elementor-container elementor-column-gap-default\">\n\t\t\t\t\t<div class=\"elementor-column elementor-col-100 elementor-top-column elementor-element elementor-element-eb5f9bb\" data-id=\"eb5f9bb\" data-element_type=\"column\" data-e-type=\"column\">\n\t\t\t<div class=\"elementor-widget-wrap elementor-element-populated\">\n\t\t\t\t\t\t<div class=\"elementor-element elementor-element-ba09c90 elementor-widget elementor-widget-text-editor\" data-id=\"ba09c90\" data-element_type=\"widget\" data-e-type=\"widget\" data-widget_type=\"text-editor.default\">\n\t\t\t\t<div class=\"elementor-widget-container\">\n\t\t\t\t\t\t\t\t\t<p>\u00faltima atualiza\u00e7\u00e3o: 11\/03\/2025<\/p>\t\t\t\t\t\t\t\t<\/div>\n\t\t\t\t<\/div>\n\t\t\t\t<div class=\"elementor-element elementor-element-56b025c elementor-widget elementor-widget-text-editor\" data-id=\"56b025c\" data-element_type=\"widget\" data-e-type=\"widget\" data-widget_type=\"text-editor.default\">\n\t\t\t\t<div class=\"elementor-widget-container\">\n\t\t\t\t\t\t\t\t\t<p><span style=\"font-size: 12pt;\"><strong style=\"color: var( --e-global-color-text ); font-family: var( --e-global-typography-text-font-family ), Sans-serif;\"><span style=\"color: #00afdc;\"><a style=\"color: #00afdc;\" href=\"http:\/\/www.soc.ufpr.br\/wp-content\/uploads\/2016\/07\/resolucao_cepe_15072008-293.pdf\">\u00bb RESOLU\u00c7\u00c3O n\u00ba 28\/08 \u2013 CEPE:<\/a>\u00a0<\/span><\/strong><span style=\"font-family: var( --e-global-typography-text-font-family ), Sans-serif; font-weight: var( --e-global-typography-text-font-weight ); color: #000000;\">Fixa normas b\u00e1sicas de controle e registro da atividade acad\u00eamica dos cursos de Aperfei\u00e7oamento e Especializa\u00e7\u00e3o na modalidade de Educa\u00e7\u00e3o a Dist\u00e2ncia da Universidade Federal do Paran\u00e1.<\/span><\/span><\/p><p><span style=\"font-size: 12pt;\"><strong style=\"color: var( --e-global-color-text ); font-family: var( --e-global-typography-text-font-family ), Sans-serif;\"><span style=\"color: #00afdc;\"><a style=\"color: #00afdc;\" href=\"https:\/\/cipead.ufpr.br\/wp-content\/uploads\/2025\/06\/Res-30-90-CEPE-alterado-pela-Resolucao-no-35.17-CEPE.pdf\">\u00bb RESOLU\u00c7\u00c3O n\u00ba 30\/90 \u2013 CEPE:<\/a> <\/span><\/strong><span style=\"font-family: var( --e-global-typography-text-font-family ), Sans-serif; font-weight: var( --e-global-typography-text-font-weight ); color: #000000;\">Estabelece normas b\u00e1sicas para a implanta\u00e7\u00e3o, reformula\u00e7\u00e3o ou ajuste curricular dos cursos de gradua\u00e7\u00e3o, bem como para aprova\u00e7\u00e3o de elencos de disciplinas dos departamentos. <\/span><\/span><\/p><p><span style=\"font-size: 12pt;\"><span style=\"color: #00afdc;\"><a style=\"color: #00afdc;\" href=\"http:\/\/www.soc.ufpr.br\/wp-content\/uploads\/2016\/07\/resolucao_cepe_18122008-344.pdf\"><strong>\u00bb RESOLU\u00c7\u00c3O n\u00ba 83\/08 \u2013 CEPE:<\/strong><\/a>\u00a0<\/span><span style=\"color: #000000;\">Aprova as normas b\u00e1sicas da atividade acad\u00eamica dos Cursos de Gradua\u00e7\u00e3o na modalidade de Educa\u00e7\u00e3o \u00e0 Dist\u00e2ncia da Universidade Federal do Paran\u00e1.<\/span><\/span><\/p><p><span style=\"font-size: 12pt;\"><span style=\"color: #00afdc;\"><strong><a style=\"color: #00afdc;\" href=\"http:\/\/www.soc.ufpr.br\/wp-content\/uploads\/2016\/07\/resolucao_coun_21052003-116.pdf\">\u00bb RESOLU\u00c7\u00c3O N\u00ba. 08\/03 \u2013 COUN:<\/a><\/strong><\/span>\u00a0<span style=\"color: #000000;\">Estabelece o Regimento Interno da Coordenadoria de Integra\u00e7\u00e3o de Pol\u00edticas e Educa\u00e7\u00e3o a Dist\u00e2ncia \u2013 CIPEAD (Antigo NEAD) da Universidade Federal do Paran\u00e1.<\/span><\/span><\/p><p><span style=\"font-size: 12pt;\"><strong><span style=\"color: #00afdc;\"><a style=\"color: #00afdc;\" href=\"http:\/\/www.soc.ufpr.br\/wp-content\/uploads\/2016\/07\/resolucao_cepe_29102010-497.pdf\">\u00bb RESOLU\u00c7\u00c3O N\u00ba 72\/10 \u2013 CEPE:<\/a><\/span>\u00a0<\/strong><span style=\"color: #000000;\">Regulamenta a oferta de disciplinas na modalidade a dist\u00e2ncia nos cursos de gradua\u00e7\u00e3o e educa\u00e7\u00e3o profissional e tecnol\u00f3gica presenciais da Universidade Federal do Paran\u00e1.<\/span><\/span><\/p><p><span style=\"font-size: 12pt;\"><span style=\"color: #00afdc;\"><strong><a style=\"color: #00afdc;\" href=\"https:\/\/soc.ufpr.br\/wp-content\/uploads\/2021\/01\/RESOLU%C3%87%C3%83O-N%C2%BA-89-2020-CEPE-1.pdf\" target=\"_blank\" rel=\"noopener\">\u00bb RESOLU\u00c7\u00c3O N\u00ba 89\/2020 <\/a><a style=\"color: #00afdc;\" href=\"http:\/\/www.soc.ufpr.br\/wp-content\/uploads\/2016\/07\/resolucao_cepe_29102010-497.pdf\">\u2013 <\/a>CEPE:<\/strong><\/span> <span style=\"color: #000000;\">Fixa as normas para os Cursos Lato Sensu da Universidade Federal do Paran\u00e1<\/span><\/span><\/p><p><span style=\"font-size: 12pt;\"><span style=\"color: #00afdc;\"><strong><a style=\"color: #00afdc;\" href=\"https:\/\/soc.ufpr.br\/wp-content\/uploads\/2020\/03\/Resolu%C3%A7%C3%A3o-n%C2%BA-57.19-CEPE.pdf\" target=\"_blank\" rel=\"noopener\">\u00bb RESOLU\u00c7\u00c3O N\u00ba 57\/19 <\/a><a style=\"color: #00afdc;\" href=\"http:\/\/www.soc.ufpr.br\/wp-content\/uploads\/2016\/07\/resolucao_cepe_29102010-497.pdf\">\u2013<\/a><a style=\"color: #00afdc;\" href=\"http:\/\/portal.mec.gov.br\/index.php?option=com_docman&amp;view=download&amp;alias=35541-res-cne-ces-001-14032016-pdf&amp;category_slug=marco-2016-pdf&amp;Itemid=30192\"> CEPE<\/a>:<\/strong><\/span> <span style=\"color: #000000;\">Disp\u00f5e sobre as atividades de Extens\u00e3o na Universidade Federal do Paran\u00e1.<\/span><\/span><\/p><p><span style=\"font-size: 12pt;\"><span style=\"color: #00afdc;\"><strong><a style=\"color: #00afdc;\" href=\"https:\/\/soc.ufpr.br\/wp-content\/uploads\/2016\/12\/cepe6916.pdf\" target=\"_blank\" rel=\"noopener\">\u00bb RESOLU\u00c7\u00c3O N\u00b0 69\/16 <\/a><a style=\"color: #00afdc;\" href=\"http:\/\/www.soc.ufpr.br\/wp-content\/uploads\/2016\/07\/resolucao_cepe_29102010-497.pdf\">\u2013<\/a><a style=\"color: #00afdc;\" href=\"http:\/\/portal.mec.gov.br\/index.php?option=com_docman&amp;view=download&amp;alias=35541-res-cne-ces-001-14032016-pdf&amp;category_slug=marco-2016-pdf&amp;Itemid=30192\"> CEPE<\/a>:<\/strong><\/span> <span style=\"color: #000000;\">Estabelece as normas para registro da carga hor\u00e1ria did\u00e1tica docente ministrada nos cursos de gradua\u00e7\u00e3o e p\u00f3s-gradua\u00e7\u00e3o ofertados integral ou parcialmente na modalidade de educa\u00e7\u00e3o a dist\u00e2ncia pelos docentes das Carreiras do Magist\u00e9rio Superior e da Educa\u00e7\u00e3o B\u00e1sica T\u00e9cnica e Tecnol\u00f3gica na Universidade Federal do Paran\u00e1.<\/span><\/span><\/p><p><span style=\"font-size: 12pt;\"><span style=\"color: #00afdc;\"><strong>\u00bb PARECER 358\/2000 \u2013 CES\/CNE:<\/strong><\/span> <span style=\"color: #000000;\">Aprova o Credenciamento da Universidade Federal do Paran\u00e1 para a oferta de cursos \u00e0 dist\u00e2ncia na gradua\u00e7\u00e3o e educa\u00e7\u00e3o profissional.<\/span><\/span><\/p><p><span style=\"font-size: 12pt;\"><span style=\"color: #00afdc;\"><strong>\u00bb RESOLU\u00c7\u00c3O 27\/99 \u2013 COPLAD:<\/strong><\/span> <span style=\"color: #000000;\">30 de setembro de 1999 &#8211; Estabelece o Regimento Interno do N\u00facleo de Educa\u00e7\u00e3o a Dist\u00e2ncia (NEAD) da Universidade Federal do Paran\u00e1\u00a0<\/span><\/span><\/p><p><span style=\"font-size: 12pt;\"><span style=\"color: #00afdc;\"><strong>\u00bb PORTARIA 370\/99 \u2013 REITORIA\/UFPR:<\/strong><\/span> <span style=\"color: #000000;\">10 de fevereiro de 1999 &#8211; Cria o N\u00facleo de Educa\u00e7\u00e3o a Dist\u00e2ncia da UFPR.<\/span><\/span><\/p><p><span style=\"font-size: 12pt;\"><span style=\"color: #00afdc;\"><strong>\u00bb RESOLU\u00c7\u00c3O N\u00ba 02\/99 \u2013 COUN:<\/strong><\/span> <span style=\"color: #000000;\">Cria o N\u00facleo de Educa\u00e7\u00e3o a Dist\u00e2ncia da Universidade Federal do Paran\u00e1 (NEAD\/UFPR)<\/span><\/span><\/p><p><span style=\"font-size: 12pt;\"><span style=\"color: #00afdc;\"><strong>\u00bb JANEIRO\/1999:<\/strong><\/span> <span style=\"color: #000000;\">\u00a0Aprova\u00e7\u00e3o pelo Conselho Universit\u00e1rio da UFPR, por unanimidade, a institucionaliza\u00e7\u00e3o da EAD na UFPR<\/span><\/span><\/p><p><span style=\"font-size: 12pt;\"><span style=\"color: #00afdc;\"><strong>\u00bb SETEMBRO\/1998:<\/strong><\/span> <span style=\"color: #000000;\"> Cria\u00e7\u00e3o da comiss\u00e3o intersetorial encarregada de desenvolver uma proposta de cria\u00e7\u00e3o de um n\u00facleo de Educa\u00e7\u00e3o a Dist\u00e2ncia na Universidade Federal do Paran\u00e1<\/span><\/span><\/p>\t\t\t\t\t\t\t\t<\/div>\n\t\t\t\t<\/div>\n\t\t\t\t\t<\/div>\n\t\t<\/div>\n\t\t\t\t\t<\/div>\n\t\t<\/section>\n\t\t\t\t<section class=\"elementor-section elementor-top-section elementor-element elementor-element-b59b8e4 elementor-section-stretched elementor-section-boxed elementor-section-height-default elementor-section-height-default\" data-id=\"b59b8e4\" data-element_type=\"section\" data-e-type=\"section\" data-settings=\"{&quot;stretch_section&quot;:&quot;section-stretched&quot;}\">\n\t\t\t\t\t\t<div class=\"elementor-container elementor-column-gap-default\">\n\t\t\t\t\t<div class=\"elementor-column elementor-col-100 elementor-top-column elementor-element elementor-element-f85e175\" data-id=\"f85e175\" data-element_type=\"column\" data-e-type=\"column\" data-settings=\"{&quot;background_background&quot;:&quot;classic&quot;}\">\n\t\t\t<div class=\"elementor-widget-wrap elementor-element-populated\">\n\t\t\t\t\t\t<div class=\"elementor-element elementor-element-433be81 elementor-widget elementor-widget-text-editor\" data-id=\"433be81\" data-element_type=\"widget\" data-e-type=\"widget\" data-widget_type=\"text-editor.default\">\n\t\t\t\t<div class=\"elementor-widget-container\">\n\t\t\t\t\t\t\t\t\t<span style=\"text-align: center;\">SEaDIP &#8211; Superintend\u00eancia de Educa\u00e7\u00e3o \u00e0 Dist\u00e2ncia e Inova\u00e7\u00f5es Pedag\u00f3gicas<\/span>\n<br><span style=\"text-align: center;\">Pra\u00e7a Santos Andrade, 50 | Centro | CEP: 80.020-300 | Curitiba\/PR<\/span><br>\n<span style=\"text-align: center;\">Contato (Teams ou e-mail):\u00a0 seadip@ufpr.br<\/span>\t\t\t\t\t\t\t\t<\/div>\n\t\t\t\t<\/div>\n\t\t\t\t<div class=\"elementor-element elementor-element-97df705 elementor-shape-circle elementor-grid-0 e-grid-align-center elementor-widget elementor-widget-social-icons\" data-id=\"97df705\" data-element_type=\"widget\" data-e-type=\"widget\" data-widget_type=\"social-icons.default\">\n\t\t\t\t<div class=\"elementor-widget-container\">\n\t\t\t\t\t\t\t<div class=\"elementor-social-icons-wrapper elementor-grid\" role=\"list\">\n\t\t\t\t\t\t\t<span class=\"elementor-grid-item\" role=\"listitem\">\n\t\t\t\t\t<a class=\"elementor-icon elementor-social-icon elementor-social-icon-instagram elementor-repeater-item-8904920\" href=\"https:\/\/www.instagram.com\/cipead\" target=\"_blank\">\n\t\t\t\t\t\t<span class=\"elementor-screen-only\">Instagram<\/span>\n\t\t\t\t\t\t<i aria-hidden=\"true\" class=\"fab fa-instagram\"><\/i>\t\t\t\t\t<\/a>\n\t\t\t\t<\/span>\n\t\t\t\t\t\t\t<span class=\"elementor-grid-item\" role=\"listitem\">\n\t\t\t\t\t<a class=\"elementor-icon elementor-social-icon elementor-social-icon-youtube elementor-repeater-item-10dbd68\" href=\"https:\/\/www.youtube.com\/channel\/UCpdgtJ711ZSg029yKwyjzhA\/featured\" target=\"_blank\">\n\t\t\t\t\t\t<span class=\"elementor-screen-only\">Youtube<\/span>\n\t\t\t\t\t\t<i aria-hidden=\"true\" class=\"fab fa-youtube\"><\/i>\t\t\t\t\t<\/a>\n\t\t\t\t<\/span>\n\t\t\t\t\t\t\t<span class=\"elementor-grid-item\" role=\"listitem\">\n\t\t\t\t\t<a class=\"elementor-icon elementor-social-icon elementor-social-icon-envelope elementor-repeater-item-47ed4f2\" href=\"http:\/\/cipead.ufpr.br\/\/index.php\/contato\/\">\n\t\t\t\t\t\t<span class=\"elementor-screen-only\">Envelope<\/span>\n\t\t\t\t\t\t<i aria-hidden=\"true\" class=\"fas fa-envelope\"><\/i>\t\t\t\t\t<\/a>\n\t\t\t\t<\/span>\n\t\t\t\t\t<\/div>\n\t\t\t\t\t\t<\/div>\n\t\t\t\t<\/div>\n\t\t\t\t\t<\/div>\n\t\t<\/div>\n\t\t\t\t\t<\/div>\n\t\t<\/section>\n\t\t\t\t<\/div>\n\t\t","protected":false},"excerpt":{"rendered":"<p>\u00faltima atualiza\u00e7\u00e3o: 11\/03\/2025 \u00bb RESOLU\u00c7\u00c3O n\u00ba 28\/08 \u2013 CEPE:\u00a0Fixa normas b\u00e1sicas de controle e registro da atividade acad\u00eamica dos cursos de Aperfei\u00e7oamento e Especializa\u00e7\u00e3o na modalidade de Educa\u00e7\u00e3o a Dist\u00e2ncia da Universidade Federal do Paran\u00e1. \u00bb RESOLU\u00c7\u00c3O n\u00ba 30\/90 \u2013&#8230; <a href=\"https:\/\/cipead.ufpr.br\/index.php\/legislacao-ufpr\/\" class=\"readmore\">Leia mais&#8230;<span class=\"screen-reader-text\">LEGISLA\u00c7\u00c3O UFPR<\/span><span class=\"fa fa-angle-double-right\" aria-hidden=\"true\"><\/span><\/a><\/p>\n","protected":false},"author":39,"featured_media":0,"parent":0,"menu_order":0,"comment_status":"closed","ping_status":"closed","template":"","meta":{"_eb_attr":"","footnotes":""},"class_list":["post-8293","page","type-page","status-publish","hentry"],"_links":{"self":[{"href":"https:\/\/cipead.ufpr.br\/index.php\/wp-json\/wp\/v2\/pages\/8293","targetHints":{"allow":["GET"]}}],"collection":[{"href":"https:\/\/cipead.ufpr.br\/index.php\/wp-json\/wp\/v2\/pages"}],"about":[{"href":"https:\/\/cipead.ufpr.br\/index.php\/wp-json\/wp\/v2\/types\/page"}],"author":[{"embeddable":true,"href":"https:\/\/cipead.ufpr.br\/index.php\/wp-json\/wp\/v2\/users\/39"}],"replies":[{"embeddable":true,"href":"https:\/\/cipead.ufpr.br\/index.php\/wp-json\/wp\/v2\/comments?post=8293"}],"version-history":[{"count":31,"href":"https:\/\/cipead.ufpr.br\/index.php\/wp-json\/wp\/v2\/pages\/8293\/revisions"}],"predecessor-version":[{"id":9631,"href":"https:\/\/cipead.ufpr.br\/index.php\/wp-json\/wp\/v2\/pages\/8293\/revisions\/9631"}],"wp:attachment":[{"href":"https:\/\/cipead.ufpr.br\/index.php\/wp-json\/wp\/v2\/media?parent=8293"}],"curies":[{"name":"wp","href":"https:\/\/api.w.org\/{rel}","templated":true}]}}