{"id":8339,"date":"2025-03-07T09:56:27","date_gmt":"2025-03-07T12:56:27","guid":{"rendered":"https:\/\/cipead.ufpr.br\/?page_id=8339"},"modified":"2025-04-02T11:56:30","modified_gmt":"2025-04-02T14:56:30","slug":"pareceres-conselho-nacional-de-educacao-cne","status":"publish","type":"page","link":"https:\/\/cipead.ufpr.br\/index.php\/pareceres-conselho-nacional-de-educacao-cne\/","title":{"rendered":"PARECERES CONSELHO NACIONAL DE EDUCA\u00c7\u00c3O (CNE)"},"content":{"rendered":"\t\t<div data-elementor-type=\"wp-page\" data-elementor-id=\"8339\" class=\"elementor elementor-8339\">\n\t\t\t\t\t\t<section class=\"elementor-section elementor-top-section elementor-element elementor-element-92e4193 elementor-section-boxed elementor-section-height-default elementor-section-height-default\" data-id=\"92e4193\" data-element_type=\"section\" data-e-type=\"section\">\n\t\t\t\t\t\t<div class=\"elementor-container elementor-column-gap-default\">\n\t\t\t\t\t<div class=\"elementor-column elementor-col-100 elementor-top-column elementor-element elementor-element-9e4ff10\" data-id=\"9e4ff10\" data-element_type=\"column\" data-e-type=\"column\">\n\t\t\t<div class=\"elementor-widget-wrap elementor-element-populated\">\n\t\t\t\t\t\t<div class=\"elementor-element elementor-element-d1d86a3 elementor-widget elementor-widget-text-editor\" data-id=\"d1d86a3\" data-element_type=\"widget\" data-e-type=\"widget\" data-widget_type=\"text-editor.default\">\n\t\t\t\t<div class=\"elementor-widget-container\">\n\t\t\t\t\t\t\t\t\t<p>\u00faltima atualiza\u00e7\u00e3o: 11\/03\/2025<\/p>\t\t\t\t\t\t\t\t<\/div>\n\t\t\t\t<\/div>\n\t\t\t\t<div class=\"elementor-element elementor-element-fec16de elementor-widget elementor-widget-text-editor\" data-id=\"fec16de\" data-element_type=\"widget\" data-e-type=\"widget\" data-widget_type=\"text-editor.default\">\n\t\t\t\t<div class=\"elementor-widget-container\">\n\t\t\t\t\t\t\t\t\t<p><a href=\"http:\/\/portal.mec.gov.br\/index.php?option=com_docman&amp;view=download&amp;alias=244681-pces734-22&amp;category_slug=outubro-2022-pdf&amp;Itemid=30192\"><span style=\"color: #00afdc; font-family: var( --e-global-typography-text-font-family ), Sans-serif; font-size: 12pt;\"><b>\u00bb PARECER CNE\/CES N\u00ba 734, APROVADO EM 6 DE OUTUBRO DE 2022<\/b><\/span><span style=\"color: #00afdc;\"><span style=\"font-size: 16px;\"><b><b style=\"color: #00afdc; font-size: 12pt;\">:<\/b><\/b><\/span><\/span><\/a><span style=\"color: #00afdc; font-family: var( --e-global-typography-text-font-family ), Sans-serif; font-size: 12pt;\"><b>\u00a0<\/b><\/span><span style=\"color: #000000;\"><span style=\"font-size: 16px;\">Solicita\u00e7\u00e3o de manifesta\u00e7\u00e3o e emiss\u00e3o de uma resolu\u00e7\u00e3o para quest\u00f5es relacionadas ao Ensino a Dist\u00e2ncia, destacadas na Nota T\u00e9cnica n\u00ba 635\/2019\/CGLNRS\/DPR\/SERES.<\/span><\/span><\/p><p><a href=\"http:\/\/portal.mec.gov.br\/index.php?option=com_docman&amp;view=download&amp;alias=136741-pces913-19-1&amp;category_slug=dezembro-2019-pdf&amp;Itemid=30192\"><b style=\"color: #00afdc; font-size: 12pt;\">\u00bb PARECER CNE\/CES N\u00ba 913\/2019, APROVADO EM 9 DE OUTUBRO DE 2019<\/b><b style=\"color: #00afdc; font-size: 12pt;\">:<\/b><\/a><span style=\"color: #00afdc;\"><span style=\"font-size: 12pt;\">\u00a0<\/span><\/span><span style=\"font-size: 12pt; color: #000000;\">Possibilidade de transfer\u00eancia do ato de credenciamento institucional por modalidade para outra IES credenciada.<\/span><\/p><p><span style=\"font-size: 12pt;\"><a href=\"http:\/\/portal.mec.gov.br\/index.php?option=com_docman&amp;view=download&amp;alias=117601-pces389-19&amp;category_slug=julho-2019-pdf&amp;Itemid=30192\"><span style=\"color: #00afdc;\"><strong>\u00bb PARECER CNE\/CES N\u00ba 389\/2019, APROVADO EM 9 DE MAIO DE 2019:<\/strong><\/span><\/a>\u00a0<\/span><span style=\"color: #000000;\"><span style=\"font-size: 16px;\">Consulta sobre instrumentos de avalia\u00e7\u00e3o externa de Institui\u00e7\u00f5es de Educa\u00e7\u00e3o Superior elaborados pelo Instituto Nacional de Estudos e Pesquisas Educacionais An\u00edsio Teixeira.<\/span><\/span><\/p><p><a href=\"http:\/\/portal.mec.gov.br\/index.php?option=com_docman&amp;view=download&amp;alias=58511-pces785-16-pdf&amp;category_slug=fevereiro-2017-pdf&amp;Itemid=30192\"><span style=\"font-size: 12pt; color: #00afdc;\"><b>\u00bb PARECER CNE\/CES N\u00ba 785 \/2016, APROVADO EM 10 DE NOVEMBRO DE 2016<\/b><\/span><span style=\"font-size: 12pt; color: #00afdc;\"><b>:<\/b><\/span><\/a><b style=\"font-size: 12pt;\">\u00a0<\/b><span style=\"font-size: 12pt; color: #000000;\">Consulta referente \u00e0s atribui\u00e7\u00f5es dos \u00f3rg\u00e3os de fiscaliza\u00e7\u00e3o profissional, e sobre o graduado em curso ofertado na modalidade a dist\u00e2ncia.<\/span><\/p><p><span style=\"font-size: 12pt;\"><span style=\"color: #00afdc;\"><strong><a style=\"color: #00afdc;\" href=\"http:\/\/portal.mec.gov.br\/index.php?option=com_docman&amp;view=download&amp;alias=31361-parecer-cne-ces-564-15-pdf&amp;category_slug=dezembro-2015-pdf&amp;Itemid=30192\" target=\"_blank\" rel=\"noopener\">\u00bb PARECER CNE\/CES N\u00ba 564\/2015, APROVADO EM 10 DE DEZEMBRO DE 2015<\/a>:<\/strong><\/span> <span style=\"color: #000000;\">Diretrizes e Normas Nacionais para a oferta de Programas e Cursos de Educa\u00e7\u00e3o Superior na Modalidade a Dist\u00e2ncia.<\/span><\/span><\/p><p><span style=\"font-size: 12pt;\"><span style=\"color: #00afdc;\"><strong><a style=\"color: #00afdc;\" href=\"http:\/\/portal.mec.gov.br\/index.php?option=com_docman&amp;view=download&amp;alias=27581-pareceres-da-camara-de-educacao-basica-13-2015-pdf&amp;category_slug=novembro-2015-pdf&amp;Itemid=30192\" target=\"_blank\" rel=\"noopener\">\u00bb PARECER CNE\/CEB N\u00ba 13\/2015, APROVADO EM 11 DE NOVEMBRO DE 2015<\/a>:<\/strong><\/span> <span style=\"color: #000000;\">Reexame do Parecer CNE\/CEB n\u00ba 2\/2015, que reexaminou o Parecer CNE\/CEB n\u00ba 12\/2012, que define Diretrizes Operacionais Nacionais para a oferta de Educa\u00e7\u00e3o a Dist\u00e2ncia (EAD), no \u00e2mbito da Educa\u00e7\u00e3o B\u00e1sica, em regime de colabora\u00e7\u00e3o entre os Sistemas de Ensino.<\/span><\/span><\/p><p><span style=\"font-size: 12pt;\"><span style=\"color: #00afdc;\"><strong><a style=\"color: #00afdc;\" href=\"http:\/\/portal.mec.gov.br\/index.php?option=com_docman&amp;task=doc_download&amp;gid=17221&amp;Itemid=\" target=\"_blank\" rel=\"noopener\">\u00bb PARECER CNE\/CEB N\u00ba 2\/2015, APROVADO EM 11 DE MAR\u00c7O DE 2015<\/a>:<\/strong><\/span> <span style=\"color: #000000;\">Reexame do Parecer CNE\/CEB n\u00ba 12\/2012, que define Diretrizes Operacionais Nacionais para a oferta de Educa\u00e7\u00e3o a Dist\u00e2ncia (EAD), no \u00e2mbito da Educa\u00e7\u00e3o B\u00e1sica, em regime de colabora\u00e7\u00e3o entre os sistemas de ensino.<\/span><\/span><\/p><p><span style=\"font-size: 12pt;\"><span style=\"color: #00afdc;\"><strong><a style=\"color: #00afdc;\" href=\"http:\/\/portal.mec.gov.br\/index.php?option=com_docman&amp;task=doc_download&amp;gid=10805&amp;Itemid=\">\u00bb PARECER CNE\/CEB N\u00ba 12\/2012, APROVADO EM 10 DE MAIO DE 2012<\/a>:<\/strong><\/span> <span style=\"color: #000000;\">Diretrizes Operacionais para a oferta de Educa\u00e7\u00e3o a Dist\u00e2ncia (EAD), em regime de colabora\u00e7\u00e3o entre os sistemas de ensino.<\/span><\/span><\/p><p><span style=\"font-size: 12pt;\"><a href=\"http:\/\/portal.mec.gov.br\/dmdocuments\/pces018_10.pdf\"><span style=\"color: #00afdc;\"><strong>\u00bb PARECER CNE\/CP N\u00ba 3\/2011, APROVADO EM 31 DE MAIO DE 2011:<\/strong><\/span><\/a> <span style=\"color: #000000;\">Recurso contra a decis\u00e3o do Parecer CNE\/CES n\u00b0 18\/2010, que trata do reexame do Parecer CNE\/CES n\u00ba 238\/2009, que disp\u00f5e sobre a revoga\u00e7\u00e3o das normas para o credenciamento especial de institui\u00e7\u00f5es n\u00e3o educacionais, nas modalidades presencial e a dist\u00e2ncia, para a oferta de cursos de especializa\u00e7\u00e3o.<\/span><\/span><\/p><p><span style=\"font-size: 12pt;\"><a href=\"https:\/\/www3.semesp.org.br\/portal\/pdfs\/juridico2010\/Diversos\/08.03.10\/ParecerCNE-CES18-10.pdf\"><span style=\"color: #00afdc;\"><strong>\u00bb PARECER CNE\/CES N\u00ba 18\/2010, APROVADO EM 27 DE JANEIRO DE 2010:<\/strong><\/span><\/a> <span style=\"color: #000000;\">Reexame do Parecer CNE\/CES n\u00ba 238, de 7\/8\/2009, que disp\u00f5e sobre a revoga\u00e7\u00e3o das normas para o credenciamento especial de institui\u00e7\u00f5es n\u00e3o-educacionais, na modalidade presencial e a dist\u00e2ncia, para a oferta de cursos de especializa\u00e7\u00e3o.<\/span><\/span><\/p><p><span style=\"font-size: 12pt;\"><a href=\"https:\/\/www.semesp.org.br\/legislacao\/migrado2361\/\"><span style=\"color: #00afdc;\"><strong>\u00bb PARECER CNE\/CES N\u00ba 195\/2010, APROVADO EM 6 DE OUTUBRO DE 2010:<\/strong><\/span><\/a> <span style=\"color: #000000;\">Consulta referente a professor orientador em cursos de gradua\u00e7\u00e3o na modalidade a dist\u00e2ncia.<\/span><\/span><\/p><p><a href=\"http:\/\/www.abmes.org.br\/arquivos\/legislacoes\/Par_CES_267_2010_12_10.pdf\"><span style=\"color: #00afdc; font-family: var( --e-global-typography-text-font-family ), Sans-serif; font-size: 12pt;\"><b>\u00bb PARECER CNE\/CES N\u00ba 267\/2010, APROVADO EM 10 DE DEZEMBRO DE 2010<\/b><\/span><span style=\"color: #00afdc;\"><span style=\"font-size: 16px;\"><b><b style=\"color: #00afdc; font-size: 12pt;\">:<\/b><\/b><\/span><\/span><\/a><span style=\"color: #00afdc; font-family: var( --e-global-typography-text-font-family ), Sans-serif; font-size: 12pt;\"><b>\u00a0<\/b><\/span><span style=\"color: #000000;\"><span style=\"font-size: 16px;\">Normas transit\u00f3rias para o credenciamento especial de institui\u00e7\u00f5es n\u00e3o educacionais, nas modalidades presencial e a dist\u00e2ncia, para a oferta de cursos de especializa\u00e7\u00e3o.<\/span><\/span><\/p><p><a href=\"http:\/\/portal.mec.gov.br\/dmdocuments\/pces238_09.pdf\"><b style=\"color: #00afdc; font-size: 12pt;\">\u00bb PARECER CNE\/CES N\u00ba 238\/2009, APROVADO EM 7 DE AGOSTO DE 2009<\/b><b style=\"color: #00afdc; font-size: 12pt;\">:<\/b><\/a><span style=\"color: #00afdc;\"><span style=\"font-size: 12pt;\">\u00a0<\/span><\/span><span style=\"font-size: 12pt; color: #000000;\">Disp\u00f5e sobre a revoga\u00e7\u00e3o das normas para o credenciamento especial de institui\u00e7\u00f5es n\u00e3o-educacionais, na modalidade presencial e a dist\u00e2ncia, para a oferta de cursos de especializa\u00e7\u00e3o, e apresenta disposi\u00e7\u00f5es transit\u00f3rias.<\/span><\/p><p><span style=\"font-size: 12pt;\"><a href=\"http:\/\/portal.mec.gov.br\/dmdocuments\/pceb025_08.pdf\"><span style=\"color: #00afdc;\"><strong>\u00bb PARECER CNE\/CEB N\u00ba 25\/2008, APROVADO EM 2 DE DEZEMBRO DE 2008:<\/strong><\/span><\/a>\u00a0<\/span><span style=\"color: #000000;\"><span style=\"font-size: 16px;\">Consulta se os recursos do FUNDEB podem ser aplicados em programas de forma\u00e7\u00e3o a dist\u00e2ncia para a Educa\u00e7\u00e3o de Jovens e Adultos no n\u00edvel do Ensino Fundamental e do Ensino M\u00e9dio. <\/span><\/span><\/p><p><a href=\"http:\/\/portal.mec.gov.br\/cne\/arquivos\/pdf\/2007\/pces195_07.pdf\"><span style=\"font-size: 12pt; color: #00afdc;\"><b>\u00bb PARECER CNE\/CES N\u00ba 195\/2007, APROVADO EM 13 DE SETEMBRO DE 2007<\/b><\/span><span style=\"font-size: 12pt; color: #00afdc;\"><b>:<\/b><\/span><\/a><b style=\"font-size: 12pt;\">\u00a0<\/b><span style=\"font-size: 12pt; color: #000000;\">Diretrizes para a elabora\u00e7\u00e3o, pelo INEP, dos instrumentos de avalia\u00e7\u00e3o para credenciamento de Institui\u00e7\u00f5es de Educa\u00e7\u00e3o Superior para a oferta de cursos superiores na modalidade \u00e0 dist\u00e2ncia, nos termos do art. 6o, inciso IV, do Decreto no 5.773\/2006.<\/span><\/p><p><span style=\"font-size: 12pt;\"><span style=\"color: #00afdc;\"><strong><a style=\"color: #00afdc;\" href=\"http:\/\/portal.mec.gov.br\/cne\/arquivos\/pdf\/2007\/pces197_07.pdf\" target=\"_blank\" rel=\"noopener\">\u00bb PARECER CNE\/CES N\u00ba 197\/2007, APROVADO EM 13 DE SETEMBRO DE 2007<\/a>:<\/strong><\/span> <span style=\"color: #000000;\">Instrumentos de avalia\u00e7\u00e3o para credenciamento de Institui\u00e7\u00f5es de Educa\u00e7\u00e3o Superior para a oferta de cursos superiores na modalidade \u00e0 dist\u00e2ncia, nos termos do art. 6o, inciso V, do Decreto no 5.773\/2006.<\/span><\/span><\/p><p><span style=\"font-size: 12pt;\"><span style=\"color: #00afdc;\"><strong><a style=\"color: #00afdc;\" href=\"http:\/\/portal.mec.gov.br\/index.php?option=com_docman&amp;view=download&amp;alias=250931-pceb004-06&amp;category_slug=outubro-2013-pdf&amp;Itemid=30192\" target=\"_blank\" rel=\"noopener\">\u00bb PARECER CNE\/CEB N\u00ba 4\/2006, APROVADO EM 15 DE MAR\u00c7O DE 2006<\/a>:<\/strong><\/span> <span style=\"color: #000000;\">Reexame do Parecer CNE\/CEB n\u00ba 17\/2005, que trata do financiamento da Educa\u00e7\u00e3o a Dist\u00e2ncia, no ensino p\u00fablico, com recursos vinculados a que se refere o artigo 212 da Constitui\u00e7\u00e3o Federal. <\/span><\/span><\/p><p><span style=\"font-size: 12pt;\"><span style=\"color: #00afdc;\"><strong><a style=\"color: #00afdc;\" href=\"http:\/\/portal.mec.gov.br\/cne\/arquivos\/pdf\/pces014_06.pdf\" target=\"_blank\" rel=\"noopener\">\u00bb PARECER CNE\/CES N\u00ba 14\/2006, APROVADO EM 1\u00ba DE FEVEREIRO DE 2006<\/a>:<\/strong><\/span> <span style=\"color: #000000;\">Solicita informa\u00e7\u00f5es sobre cursos de Educa\u00e7\u00e3o Superior a dist\u00e2ncia.<\/span><\/span><\/p><p><span style=\"font-size: 12pt;\"><span style=\"color: #00afdc;\"><strong><a style=\"color: #00afdc;\" href=\"http:\/\/portal.mec.gov.br\/cne\/arquivos\/pdf\/pces241_06.pdf\">\u00bb PARECER CNE\/CES N\u00ba 241\/2006, APROVADO EM 4 DE OUTUBRO DE 2006<\/a>:<\/strong><\/span> <span style=\"color: #000000;\">Consulta sobre o procedimento necess\u00e1rio para a oferta de curso de p\u00f3s-gradua\u00e7\u00e3o lato sensu a dist\u00e2ncia.<\/span><\/span><\/p><p><span style=\"font-size: 12pt;\"><a href=\"http:\/\/portal.mec.gov.br\/index.php?option=com_docman&amp;view=download&amp;alias=14348-pceb017-05&amp;category_slug=outubro-2013-pdf&amp;Itemid=30192\"><span style=\"color: #00afdc;\"><strong>\u00bb PARECER CNE\/CEB N\u00ba 17\/2005, APROVADO EM 3 DE AGOSTO DE 2005:<\/strong><\/span><\/a> <span style=\"color: #000000;\">Consulta sobre financiamento da Educa\u00e7\u00e3o a Dist\u00e2ncia, no ensino p\u00fablico, com recursos vinculados a que se refere o Artigo 212 da Constitui\u00e7\u00e3o Federal.<\/span><\/span><\/p><p><span style=\"font-size: 12pt;\"><a href=\"http:\/\/portal.mec.gov.br\/cne\/arquivos\/pdf\/pceb031_04.pdf\"><span style=\"color: #00afdc;\"><strong>\u00bb PARECER CNE\/CEB N\u00ba 31\/2004, APROVADO EM 6 DE OUTUBRO DE 2004:<\/strong><\/span><\/a> <span style=\"color: #000000;\">Curso Normal de n\u00edvel m\u00e9dio, na modalidade a dist\u00e2ncia.<\/span><\/span><\/p><p><span style=\"font-size: 12pt;\"><a href=\"http:\/\/portal.mec.gov.br\/cne\/arquivos\/pdf\/CEB0041_2002.pdf\"><span style=\"color: #00afdc;\"><strong>\u00bb PARECER CNE\/CEB N\u00ba 41\/2002, APROVADO EM 2 DE DEZEMBRO 2002:<\/strong><\/span><\/a> <span style=\"color: #000000;\">Institui Diretrizes Curriculares Nacionais para a Educa\u00e7\u00e3o a Dist\u00e2ncia na Educa\u00e7\u00e3o de Jovens e Adultos e para a Educa\u00e7\u00e3o B\u00e1sica na etapa do Ensino M\u00e9dio.<\/span><\/span><\/p><p><span style=\"font-size: 12pt;\"><a href=\"http:\/\/portal.mec.gov.br\/cne\/arquivos\/pdf\/CEB010_2001.pdf\"><span style=\"color: #00afdc;\"><strong>\u00bb PARECER CNE\/CEB N\u00ba 10\/2001, APROVADO EM 3 DE ABRIL DE 2001:<\/strong><\/span><\/a> <span style=\"color: #000000;\">Responde consulta sobre conv\u00eanio entre institui\u00e7\u00f5es de educa\u00e7\u00e3o profissional para ministrar cursos de educa\u00e7\u00e3o t\u00e9cnica profissional a dist\u00e2ncia.<\/span><\/span><\/p><p><span style=\"font-size: 12pt;\"><a href=\"http:\/\/portal.mec.gov.br\/cne\/arquivos\/pdf\/pceb28_01.pdf\"><span style=\"color: #00afdc;\"><strong>\u00bb PARECER CNE\/CEB N\u00ba 28\/2001, APROVADO EM 6 DE AGOSTO DE 2001:<\/strong><\/span><\/a> <span style=\"color: #000000;\">Consulta sobre a viabilidade de ministrar cursos de Ensino Fundamental e M\u00e9dio a dist\u00e2ncia em outros Estados da Federa\u00e7\u00e3o.<\/span><\/span><\/p><p><span style=\"font-size: 12pt;\"><a href=\"http:\/\/portal.mec.gov.br\/cne\/arquivos\/pdf\/pceb31_00.pdf\"><span style=\"color: #00afdc;\"><strong>\u00bb PARECER CNE\/CEB N\u00ba 31\/2000, APROVADO EM 2 DE OUTUBRO DE 2000:<\/strong><\/span><\/a> <span style=\"color: #000000;\">Consulta sobre ensino a dist\u00e2ncia.<\/span><\/span><\/p><p><span style=\"font-size: 12pt;\"><a href=\"http:\/\/portal.mec.gov.br\/cne\/arquivos\/pdf\/1997\/pceb015_97.pdf\"><span style=\"color: #00afdc;\"><strong>\u00bb PARECER CNE\/CEB N\u00ba 15\/1997, APROVADO EM 3 DE NOVEMBRO DE 1997:<\/strong><\/span><\/a> <span style=\"color: #000000;\">Responde consulta sobre ensino fundamental e m\u00e9dio (supletivo) com utiliza\u00e7\u00e3o de metodologia de ensino a dist\u00e2ncia.<br \/><a href=\"http:\/\/portal.mec.gov.br\/cne\/arquivos\/pdf\/1996\/pces078_96.pdf\"><span style=\"color: #00afdc;\"><strong>\u00bb PARECER CNE\/CES N\u00ba 78\/96, APROVADO EM 7 DE OUTUBRO DE 1996:<\/strong><\/span><\/a> Solicita estudo sobre a ado\u00e7\u00e3o de medidas coibindo a revalida\u00e7\u00e3o de diplomas de gradua\u00e7\u00e3o e p\u00f3s-gradua\u00e7\u00e3o na modalidade de ensino a dist\u00e2ncia, oferecidos pelo Col\u00e9gio Brasileiro de Aperfei\u00e7oamento e P\u00f3s-Gradua\u00e7\u00e3o-COBRA.<br \/><\/span><\/span><\/p>\t\t\t\t\t\t\t\t<\/div>\n\t\t\t\t<\/div>\n\t\t\t\t\t<\/div>\n\t\t<\/div>\n\t\t\t\t\t<\/div>\n\t\t<\/section>\n\t\t\t\t<section class=\"elementor-section elementor-top-section elementor-element elementor-element-8243ed5 elementor-section-stretched elementor-section-boxed elementor-section-height-default elementor-section-height-default\" data-id=\"8243ed5\" data-element_type=\"section\" data-e-type=\"section\" data-settings=\"{&quot;stretch_section&quot;:&quot;section-stretched&quot;}\">\n\t\t\t\t\t\t<div class=\"elementor-container elementor-column-gap-default\">\n\t\t\t\t\t<div class=\"elementor-column elementor-col-100 elementor-top-column elementor-element elementor-element-f14a6c9\" data-id=\"f14a6c9\" data-element_type=\"column\" data-e-type=\"column\" data-settings=\"{&quot;background_background&quot;:&quot;classic&quot;}\">\n\t\t\t<div class=\"elementor-widget-wrap elementor-element-populated\">\n\t\t\t\t\t\t<div class=\"elementor-element elementor-element-16e5c2c elementor-widget elementor-widget-text-editor\" data-id=\"16e5c2c\" data-element_type=\"widget\" data-e-type=\"widget\" data-widget_type=\"text-editor.default\">\n\t\t\t\t<div class=\"elementor-widget-container\">\n\t\t\t\t\t\t\t\t\t<span style=\"text-align: center;\">SEaDIP &#8211; Superintend\u00eancia de Educa\u00e7\u00e3o \u00e0 Dist\u00e2ncia e Inova\u00e7\u00f5es Pedag\u00f3gicas<\/span>\n<br><span style=\"text-align: center;\">Pra\u00e7a Santos Andrade, 50 | Centro | CEP: 80.020-300 | Curitiba\/PR<\/span><br>\n<span style=\"text-align: center;\">Contato (Teams ou e-mail):\u00a0 seadip@ufpr.br<\/span>\t\t\t\t\t\t\t\t<\/div>\n\t\t\t\t<\/div>\n\t\t\t\t<div class=\"elementor-element elementor-element-b15522a elementor-shape-circle elementor-grid-0 e-grid-align-center elementor-widget elementor-widget-social-icons\" data-id=\"b15522a\" data-element_type=\"widget\" data-e-type=\"widget\" data-widget_type=\"social-icons.default\">\n\t\t\t\t<div class=\"elementor-widget-container\">\n\t\t\t\t\t\t\t<div class=\"elementor-social-icons-wrapper elementor-grid\" role=\"list\">\n\t\t\t\t\t\t\t<span class=\"elementor-grid-item\" role=\"listitem\">\n\t\t\t\t\t<a class=\"elementor-icon elementor-social-icon elementor-social-icon-instagram elementor-repeater-item-8904920\" href=\"https:\/\/www.instagram.com\/cipead\" target=\"_blank\">\n\t\t\t\t\t\t<span class=\"elementor-screen-only\">Instagram<\/span>\n\t\t\t\t\t\t<i aria-hidden=\"true\" class=\"fab fa-instagram\"><\/i>\t\t\t\t\t<\/a>\n\t\t\t\t<\/span>\n\t\t\t\t\t\t\t<span class=\"elementor-grid-item\" role=\"listitem\">\n\t\t\t\t\t<a class=\"elementor-icon elementor-social-icon elementor-social-icon-youtube elementor-repeater-item-10dbd68\" href=\"https:\/\/www.youtube.com\/channel\/UCpdgtJ711ZSg029yKwyjzhA\/featured\" target=\"_blank\">\n\t\t\t\t\t\t<span class=\"elementor-screen-only\">Youtube<\/span>\n\t\t\t\t\t\t<i aria-hidden=\"true\" class=\"fab fa-youtube\"><\/i>\t\t\t\t\t<\/a>\n\t\t\t\t<\/span>\n\t\t\t\t\t\t\t<span class=\"elementor-grid-item\" role=\"listitem\">\n\t\t\t\t\t<a class=\"elementor-icon elementor-social-icon elementor-social-icon-envelope elementor-repeater-item-47ed4f2\" href=\"http:\/\/cipead.ufpr.br\/\/index.php\/contato\/\">\n\t\t\t\t\t\t<span class=\"elementor-screen-only\">Envelope<\/span>\n\t\t\t\t\t\t<i aria-hidden=\"true\" class=\"fas fa-envelope\"><\/i>\t\t\t\t\t<\/a>\n\t\t\t\t<\/span>\n\t\t\t\t\t<\/div>\n\t\t\t\t\t\t<\/div>\n\t\t\t\t<\/div>\n\t\t\t\t\t<\/div>\n\t\t<\/div>\n\t\t\t\t\t<\/div>\n\t\t<\/section>\n\t\t\t\t<\/div>\n\t\t","protected":false},"excerpt":{"rendered":"<p>\u00faltima atualiza\u00e7\u00e3o: 11\/03\/2025 \u00bb PARECER CNE\/CES N\u00ba 734, APROVADO EM 6 DE OUTUBRO DE 2022:\u00a0Solicita\u00e7\u00e3o de manifesta\u00e7\u00e3o e emiss\u00e3o de uma resolu\u00e7\u00e3o para quest\u00f5es relacionadas ao Ensino a Dist\u00e2ncia, destacadas na Nota T\u00e9cnica n\u00ba 635\/2019\/CGLNRS\/DPR\/SERES. \u00bb PARECER CNE\/CES N\u00ba 913\/2019,&#8230; <a href=\"https:\/\/cipead.ufpr.br\/index.php\/pareceres-conselho-nacional-de-educacao-cne\/\" class=\"readmore\">Leia mais&#8230;<span class=\"screen-reader-text\">PARECERES CONSELHO NACIONAL DE EDUCA\u00c7\u00c3O (CNE)<\/span><span class=\"fa fa-angle-double-right\" aria-hidden=\"true\"><\/span><\/a><\/p>\n","protected":false},"author":39,"featured_media":0,"parent":0,"menu_order":0,"comment_status":"closed","ping_status":"closed","template":"","meta":{"_eb_attr":"","footnotes":""},"class_list":["post-8339","page","type-page","status-publish","hentry"],"_links":{"self":[{"href":"https:\/\/cipead.ufpr.br\/index.php\/wp-json\/wp\/v2\/pages\/8339","targetHints":{"allow":["GET"]}}],"collection":[{"href":"https:\/\/cipead.ufpr.br\/index.php\/wp-json\/wp\/v2\/pages"}],"about":[{"href":"https:\/\/cipead.ufpr.br\/index.php\/wp-json\/wp\/v2\/types\/page"}],"author":[{"embeddable":true,"href":"https:\/\/cipead.ufpr.br\/index.php\/wp-json\/wp\/v2\/users\/39"}],"replies":[{"embeddable":true,"href":"https:\/\/cipead.ufpr.br\/index.php\/wp-json\/wp\/v2\/comments?post=8339"}],"version-history":[{"count":16,"href":"https:\/\/cipead.ufpr.br\/index.php\/wp-json\/wp\/v2\/pages\/8339\/revisions"}],"predecessor-version":[{"id":8969,"href":"https:\/\/cipead.ufpr.br\/index.php\/wp-json\/wp\/v2\/pages\/8339\/revisions\/8969"}],"wp:attachment":[{"href":"https:\/\/cipead.ufpr.br\/index.php\/wp-json\/wp\/v2\/media?parent=8339"}],"curies":[{"name":"wp","href":"https:\/\/api.w.org\/{rel}","templated":true}]}}