{"id":8395,"date":"2025-03-11T12:37:40","date_gmt":"2025-03-11T15:37:40","guid":{"rendered":"https:\/\/cipead.ufpr.br\/?page_id=8395"},"modified":"2025-04-02T11:56:11","modified_gmt":"2025-04-02T14:56:11","slug":"instrumentos-de-avaliacao-do-instituto-nacional-de-estudos-e-pesquisas-educacionais-anisio-teixeira-inep","status":"publish","type":"page","link":"https:\/\/cipead.ufpr.br\/index.php\/instrumentos-de-avaliacao-do-instituto-nacional-de-estudos-e-pesquisas-educacionais-anisio-teixeira-inep\/","title":{"rendered":"INSTRUMENTOS DE AVALIA\u00c7\u00c3O DO INSTITUTO NACIONAL DE ESTUDOS E PESQUISAS EDUCACIONAIS AN\u00cdSIO TEIXEIRA (INEP)"},"content":{"rendered":"\t\t<div data-elementor-type=\"wp-page\" data-elementor-id=\"8395\" class=\"elementor elementor-8395\">\n\t\t\t\t\t\t<section class=\"elementor-section elementor-top-section elementor-element elementor-element-f2a5cfa elementor-section-boxed elementor-section-height-default elementor-section-height-default\" data-id=\"f2a5cfa\" data-element_type=\"section\" data-e-type=\"section\">\n\t\t\t\t\t\t<div class=\"elementor-container elementor-column-gap-default\">\n\t\t\t\t\t<div class=\"elementor-column elementor-col-100 elementor-top-column elementor-element elementor-element-ff73c0f\" data-id=\"ff73c0f\" data-element_type=\"column\" data-e-type=\"column\">\n\t\t\t<div class=\"elementor-widget-wrap elementor-element-populated\">\n\t\t\t\t\t\t<div class=\"elementor-element elementor-element-c587113 elementor-widget elementor-widget-text-editor\" data-id=\"c587113\" data-element_type=\"widget\" data-e-type=\"widget\" data-widget_type=\"text-editor.default\">\n\t\t\t\t<div class=\"elementor-widget-container\">\n\t\t\t\t\t\t\t\t\t<p>\u00faltima atualiza\u00e7\u00e3o: 11\/03\/2025<\/p>\t\t\t\t\t\t\t\t<\/div>\n\t\t\t\t<\/div>\n\t\t\t\t<div class=\"elementor-element elementor-element-ae67e54 elementor-widget elementor-widget-text-editor\" data-id=\"ae67e54\" data-element_type=\"widget\" data-e-type=\"widget\" data-widget_type=\"text-editor.default\">\n\t\t\t\t<div class=\"elementor-widget-container\">\n\t\t\t\t\t\t\t\t\t<p><a href=\"https:\/\/cad.capes.gov.br\/ato-administrativo-detalhar?idAtoAdmElastic=16423\"><span style=\"color: #00afdc; font-family: var( --e-global-typography-text-font-family ), Sans-serif; font-size: 12pt;\"><b>\u00bb INSTRUMENTOS DE AVALIA\u00c7\u00c3O DE CURSOS DE GRADUA\u00c7\u00c3O (IACG) &#8211; INEP &#8211; 2017.<\/b><\/span><\/a><\/p><p><a href=\"https:\/\/cad.capes.gov.br\/ato-administrativo-detalhar?idAtoAdmElastic=16423\"><span style=\"color: #00afdc; font-family: var( --e-global-typography-text-font-family ), Sans-serif; font-size: 12pt;\"><b>\u00bb INSTRUMENTOS DE AVALIA\u00c7\u00c3O INSTITUCIONAL EXTERNA (IAIE) &#8211; PRESENCIAL E A DIST\u00c2NCIA &#8211; RECREDENCIAMENTO &#8211; INEP 2017.<\/b><\/span><\/a><\/p><p><a href=\"https:\/\/cad.capes.gov.br\/ato-administrativo-detalhar?idAtoAdmElastic=16445\"><b style=\"color: #00afdc; font-size: 12pt;\">\u00bb INSTRUMENTO DE AVALIA\u00c7\u00c3O DE CURSOS DE GRADUA\u00c7\u00c3O PRESENCIAL E A DIST\u00c2NCIA:<\/b><\/a><span style=\"font-size: 12pt; color: #000000;\"> Autoriza\u00e7\u00e3o.<\/span><\/p><p><span style=\"font-size: 12pt;\"><a href=\"https:\/\/cad.capes.gov.br\/ato-administrativo-detalhar?idAtoAdmElastic=10902\"><span style=\"color: #00afdc;\"><strong>\u00bb INSTRUMENTO DE AVALIA\u00c7\u00c3O DE CURSOS DE GRADUA\u00c7\u00c3O PRESENCIAL E A DIST\u00c2NCIA:<\/strong><\/span><\/a> <span style=\"color: #000000;\">Reconhecimento e renova\u00e7\u00e3o de reconhecimento.<\/span><\/span><\/p>\t\t\t\t\t\t\t\t<\/div>\n\t\t\t\t<\/div>\n\t\t\t\t\t<\/div>\n\t\t<\/div>\n\t\t\t\t\t<\/div>\n\t\t<\/section>\n\t\t\t\t<section class=\"elementor-section elementor-top-section elementor-element elementor-element-f0c3313 elementor-section-stretched elementor-section-boxed elementor-section-height-default elementor-section-height-default\" data-id=\"f0c3313\" data-element_type=\"section\" data-e-type=\"section\" data-settings=\"{&quot;stretch_section&quot;:&quot;section-stretched&quot;}\">\n\t\t\t\t\t\t<div class=\"elementor-container elementor-column-gap-default\">\n\t\t\t\t\t<div class=\"elementor-column elementor-col-100 elementor-top-column elementor-element elementor-element-5ed82a7\" data-id=\"5ed82a7\" data-element_type=\"column\" data-e-type=\"column\" data-settings=\"{&quot;background_background&quot;:&quot;classic&quot;}\">\n\t\t\t<div class=\"elementor-widget-wrap elementor-element-populated\">\n\t\t\t\t\t\t<div class=\"elementor-element elementor-element-8a45a04 elementor-widget elementor-widget-text-editor\" data-id=\"8a45a04\" data-element_type=\"widget\" data-e-type=\"widget\" data-widget_type=\"text-editor.default\">\n\t\t\t\t<div class=\"elementor-widget-container\">\n\t\t\t\t\t\t\t\t\t<span style=\"text-align: center;\">SEaDIP &#8211; Superintend\u00eancia de Educa\u00e7\u00e3o \u00e0 Dist\u00e2ncia e Inova\u00e7\u00f5es Pedag\u00f3gicas<\/span>\n<br><span style=\"text-align: center;\">Pra\u00e7a Santos Andrade, 50 | Centro | CEP: 80.020-300 | Curitiba\/PR<\/span><br>\n<span style=\"text-align: center;\">Contato (Teams ou e-mail):\u00a0 seadip@ufpr.br<\/span>\t\t\t\t\t\t\t\t<\/div>\n\t\t\t\t<\/div>\n\t\t\t\t<div class=\"elementor-element elementor-element-f7c1544 elementor-shape-circle elementor-grid-0 e-grid-align-center elementor-widget elementor-widget-social-icons\" data-id=\"f7c1544\" data-element_type=\"widget\" data-e-type=\"widget\" data-widget_type=\"social-icons.default\">\n\t\t\t\t<div class=\"elementor-widget-container\">\n\t\t\t\t\t\t\t<div class=\"elementor-social-icons-wrapper elementor-grid\" role=\"list\">\n\t\t\t\t\t\t\t<span class=\"elementor-grid-item\" role=\"listitem\">\n\t\t\t\t\t<a class=\"elementor-icon elementor-social-icon elementor-social-icon-instagram elementor-repeater-item-8904920\" href=\"https:\/\/www.instagram.com\/cipead\" target=\"_blank\">\n\t\t\t\t\t\t<span class=\"elementor-screen-only\">Instagram<\/span>\n\t\t\t\t\t\t<i aria-hidden=\"true\" class=\"fab fa-instagram\"><\/i>\t\t\t\t\t<\/a>\n\t\t\t\t<\/span>\n\t\t\t\t\t\t\t<span class=\"elementor-grid-item\" role=\"listitem\">\n\t\t\t\t\t<a class=\"elementor-icon elementor-social-icon elementor-social-icon-youtube elementor-repeater-item-10dbd68\" href=\"https:\/\/www.youtube.com\/channel\/UCpdgtJ711ZSg029yKwyjzhA\/featured\" target=\"_blank\">\n\t\t\t\t\t\t<span class=\"elementor-screen-only\">Youtube<\/span>\n\t\t\t\t\t\t<i aria-hidden=\"true\" class=\"fab fa-youtube\"><\/i>\t\t\t\t\t<\/a>\n\t\t\t\t<\/span>\n\t\t\t\t\t\t\t<span class=\"elementor-grid-item\" role=\"listitem\">\n\t\t\t\t\t<a class=\"elementor-icon elementor-social-icon elementor-social-icon-envelope elementor-repeater-item-47ed4f2\" href=\"http:\/\/cipead.ufpr.br\/\/index.php\/contato\/\">\n\t\t\t\t\t\t<span class=\"elementor-screen-only\">Envelope<\/span>\n\t\t\t\t\t\t<i aria-hidden=\"true\" class=\"fas fa-envelope\"><\/i>\t\t\t\t\t<\/a>\n\t\t\t\t<\/span>\n\t\t\t\t\t<\/div>\n\t\t\t\t\t\t<\/div>\n\t\t\t\t<\/div>\n\t\t\t\t\t<\/div>\n\t\t<\/div>\n\t\t\t\t\t<\/div>\n\t\t<\/section>\n\t\t\t\t<\/div>\n\t\t","protected":false},"excerpt":{"rendered":"<p>\u00faltima atualiza\u00e7\u00e3o: 11\/03\/2025 \u00bb INSTRUMENTOS DE AVALIA\u00c7\u00c3O DE CURSOS DE GRADUA\u00c7\u00c3O (IACG) &#8211; INEP &#8211; 2017. \u00bb INSTRUMENTOS DE AVALIA\u00c7\u00c3O INSTITUCIONAL EXTERNA (IAIE) &#8211; PRESENCIAL E A DIST\u00c2NCIA &#8211; RECREDENCIAMENTO &#8211; INEP 2017. \u00bb INSTRUMENTO DE AVALIA\u00c7\u00c3O DE CURSOS DE&#8230; <a href=\"https:\/\/cipead.ufpr.br\/index.php\/instrumentos-de-avaliacao-do-instituto-nacional-de-estudos-e-pesquisas-educacionais-anisio-teixeira-inep\/\" class=\"readmore\">Leia mais&#8230;<span class=\"screen-reader-text\">INSTRUMENTOS DE AVALIA\u00c7\u00c3O DO INSTITUTO NACIONAL DE ESTUDOS E PESQUISAS EDUCACIONAIS AN\u00cdSIO TEIXEIRA (INEP)<\/span><span class=\"fa fa-angle-double-right\" aria-hidden=\"true\"><\/span><\/a><\/p>\n","protected":false},"author":39,"featured_media":0,"parent":0,"menu_order":0,"comment_status":"closed","ping_status":"closed","template":"","meta":{"_eb_attr":"","footnotes":""},"class_list":["post-8395","page","type-page","status-publish","hentry"],"_links":{"self":[{"href":"https:\/\/cipead.ufpr.br\/index.php\/wp-json\/wp\/v2\/pages\/8395","targetHints":{"allow":["GET"]}}],"collection":[{"href":"https:\/\/cipead.ufpr.br\/index.php\/wp-json\/wp\/v2\/pages"}],"about":[{"href":"https:\/\/cipead.ufpr.br\/index.php\/wp-json\/wp\/v2\/types\/page"}],"author":[{"embeddable":true,"href":"https:\/\/cipead.ufpr.br\/index.php\/wp-json\/wp\/v2\/users\/39"}],"replies":[{"embeddable":true,"href":"https:\/\/cipead.ufpr.br\/index.php\/wp-json\/wp\/v2\/comments?post=8395"}],"version-history":[{"count":13,"href":"https:\/\/cipead.ufpr.br\/index.php\/wp-json\/wp\/v2\/pages\/8395\/revisions"}],"predecessor-version":[{"id":8966,"href":"https:\/\/cipead.ufpr.br\/index.php\/wp-json\/wp\/v2\/pages\/8395\/revisions\/8966"}],"wp:attachment":[{"href":"https:\/\/cipead.ufpr.br\/index.php\/wp-json\/wp\/v2\/media?parent=8395"}],"curies":[{"name":"wp","href":"https:\/\/api.w.org\/{rel}","templated":true}]}}