{"id":9485,"date":"2025-06-17T16:28:08","date_gmt":"2025-06-17T19:28:08","guid":{"rendered":"https:\/\/cipead.ufpr.br\/?page_id=9485"},"modified":"2025-06-17T17:07:13","modified_gmt":"2025-06-17T20:07:13","slug":"apresentacao-2","status":"publish","type":"page","link":"https:\/\/cipead.ufpr.br\/index.php\/apresentacao-2\/","title":{"rendered":"APRESENTA\u00c7\u00c3O"},"content":{"rendered":"\t\t<div data-elementor-type=\"wp-page\" data-elementor-id=\"9485\" class=\"elementor elementor-9485\">\n\t\t\t\t\t\t<section class=\"elementor-section elementor-top-section elementor-element elementor-element-6bf62513 elementor-section-boxed elementor-section-height-default elementor-section-height-default\" data-id=\"6bf62513\" data-element_type=\"section\" data-e-type=\"section\">\n\t\t\t\t\t\t<div class=\"elementor-container elementor-column-gap-default\">\n\t\t\t\t\t<div class=\"elementor-column elementor-col-100 elementor-top-column elementor-element elementor-element-5ce0fbe\" data-id=\"5ce0fbe\" data-element_type=\"column\" data-e-type=\"column\">\n\t\t\t<div class=\"elementor-widget-wrap elementor-element-populated\">\n\t\t\t\t\t\t<div class=\"elementor-element elementor-element-18bc914 elementor-align-start elementor-icon-list--layout-traditional elementor-list-item-link-full_width elementor-widget elementor-widget-icon-list\" data-id=\"18bc914\" data-element_type=\"widget\" data-e-type=\"widget\" data-widget_type=\"icon-list.default\">\n\t\t\t\t<div class=\"elementor-widget-container\">\n\t\t\t\t\t\t\t<ul class=\"elementor-icon-list-items\">\n\t\t\t\t\t\t\t<li class=\"elementor-icon-list-item\">\n\t\t\t\t\t\t\t\t\t\t\t<a href=\"https:\/\/cipead.ufpr.br\/wp-content\/uploads\/2025\/06\/Estrutrura-e-funcionamento-dos-NTEs.pdf\" target=\"_blank\">\n\n\t\t\t\t\t\t\t\t\t\t\t\t<span class=\"elementor-icon-list-icon\">\n\t\t\t\t\t\t\t<i aria-hidden=\"true\" class=\"fas fa-download\"><\/i>\t\t\t\t\t\t<\/span>\n\t\t\t\t\t\t\t\t\t\t<span class=\"elementor-icon-list-text\">MANUAL SOBRE A ESTRUTURA E FUNCIONAMENTO DOS NTES<\/span>\n\t\t\t\t\t\t\t\t\t\t\t<\/a>\n\t\t\t\t\t\t\t\t\t<\/li>\n\t\t\t\t\t\t<\/ul>\n\t\t\t\t\t\t<\/div>\n\t\t\t\t<\/div>\n\t\t\t\t<div class=\"elementor-element elementor-element-7fd170a elementor-widget elementor-widget-heading\" data-id=\"7fd170a\" data-element_type=\"widget\" data-e-type=\"widget\" data-widget_type=\"heading.default\">\n\t\t\t\t<div class=\"elementor-widget-container\">\n\t\t\t\t\t<h2 class=\"elementor-heading-title elementor-size-default\">Defini\u00e7\u00e3o<\/h2>\t\t\t\t<\/div>\n\t\t\t\t<\/div>\n\t\t\t\t<div class=\"elementor-element elementor-element-5d10fed8 elementor-widget elementor-widget-text-editor\" data-id=\"5d10fed8\" data-element_type=\"widget\" data-e-type=\"widget\" data-widget_type=\"text-editor.default\">\n\t\t\t\t<div class=\"elementor-widget-container\">\n\t\t\t\t\t\t\t\t\t<p><span style=\"color: #000000; text-align: justify;\">Os NTEs constituir\u00e3o espa\u00e7os destinados a favorecer a inser\u00e7\u00e3o da Educa\u00e7\u00e3o H\u00edbrida e da EaD nos diversos setores da UFPR por meio de a\u00e7\u00f5es que facilitem a produ\u00e7\u00e3o e a inclus\u00e3o das TDICs \u00e0s a\u00e7\u00f5es de ensino, pesquisa e extens\u00e3o privilegiando, dessa forma, a aprendizagem colaborativa, cooperativa e aut\u00f4noma. Esses espa\u00e7os devem ser articulados a partir da estrutura dispon\u00edvel no setor, potencializando e facilitando a gest\u00e3o de equipamentos e pessoas por meio da articula\u00e7\u00e3o com os demais \u00f3rg\u00e3os da UFPR (SEaDIP, AGTIC, SUCOM, etc.).<\/span><\/p>\t\t\t\t\t\t\t\t<\/div>\n\t\t\t\t<\/div>\n\t\t\t\t<div class=\"elementor-element elementor-element-7ca7d8e elementor-widget elementor-widget-heading\" data-id=\"7ca7d8e\" data-element_type=\"widget\" data-e-type=\"widget\" data-widget_type=\"heading.default\">\n\t\t\t\t<div class=\"elementor-widget-container\">\n\t\t\t\t\t<h2 class=\"elementor-heading-title elementor-size-default\">Objetivos<\/h2>\t\t\t\t<\/div>\n\t\t\t\t<\/div>\n\t\t\t\t<div class=\"elementor-element elementor-element-4ed80e9 elementor-widget elementor-widget-text-editor\" data-id=\"4ed80e9\" data-element_type=\"widget\" data-e-type=\"widget\" data-widget_type=\"text-editor.default\">\n\t\t\t\t<div class=\"elementor-widget-container\">\n\t\t\t\t\t\t\t\t\t<h4 style=\"font-family: Roboto, sans-serif; color: #7a7a7a; text-align: justify;\" data-raofz=\"18\"><span style=\"color: #0041b4;\" data-raofz=\"18\"><b>Gerais<\/b><\/span><\/h4>\n<p style=\"text-align: justify;\" data-raofz=\"14\"><span style=\"color: #000000;\" data-raofz=\"14\"><strong>1.\u00a0<\/strong>Favorecer a inser\u00e7\u00e3o da Educa\u00e7\u00e3o H\u00edbrida;<\/span><\/p>\n<p style=\"text-align: justify;\" data-raofz=\"14\"><span style=\"color: #000000;\" data-raofz=\"14\"><strong>2.\u00a0<\/strong>Congregar e potencializar as a\u00e7\u00f5es (cursos, projetos, linhas de pesquisa, etc.) que envolvam as TDICs nas atividades de ensino, pesquisa e extens\u00e3o;<\/span><\/p>\n<p style=\"text-align: justify;\" data-raofz=\"14\"><span style=\"color: #000000;\" data-raofz=\"14\"><strong>3.<\/strong>\u00a0Fortalecer o uso das TDICs nos processos de gest\u00e3o;<\/span><\/p>\n<p style=\"text-align: justify;\" data-raofz=\"14\"><span style=\"color: #000000;\"><strong>4.<\/strong>\u00a0Planejar a\u00e7\u00f5es estrat\u00e9gicas para ampliar a estrutura f\u00edsica e humana\u00a0envolvendo o uso das TDICs.<\/span><\/p>\n<h4 style=\"font-family: Roboto, sans-serif; color: #7a7a7a; text-align: justify;\" data-raofz=\"18\"><span style=\"color: #0041b4;\" data-raofz=\"18\"><b>Locais<\/b><\/span><\/h4>\n<p style=\"text-align: justify;\" data-raofz=\"14\"><span style=\"color: #000000;\" data-raofz=\"14\">Os objetivos espec\u00edficos ser\u00e3o definidos a partir do plano de a\u00e7\u00e3o proposto pelo colegiado gestor do NTE, em conson\u00e2ncia com a gest\u00e3o setorial.<\/span><\/p>\t\t\t\t\t\t\t\t<\/div>\n\t\t\t\t<\/div>\n\t\t\t\t<div class=\"elementor-element elementor-element-3489bbf elementor-widget elementor-widget-heading\" data-id=\"3489bbf\" data-element_type=\"widget\" data-e-type=\"widget\" data-widget_type=\"heading.default\">\n\t\t\t\t<div class=\"elementor-widget-container\">\n\t\t\t\t\t<h2 class=\"elementor-heading-title elementor-size-default\">Estrutura<\/h2>\t\t\t\t<\/div>\n\t\t\t\t<\/div>\n\t\t\t\t<div class=\"elementor-element elementor-element-94bceb3 elementor-widget elementor-widget-text-editor\" data-id=\"94bceb3\" data-element_type=\"widget\" data-e-type=\"widget\" data-widget_type=\"text-editor.default\">\n\t\t\t\t<div class=\"elementor-widget-container\">\n\t\t\t\t\t\t\t\t\t<p data-raofz=\"14\"><span style=\"color: #000000; text-align: justify;\">A estrutura do NTE dever\u00e1 ser vinculada ao organograma do setor\/campi avan\u00e7ado. Dessa forma, busca-se garantir que essa a\u00e7\u00e3o se consolide como uma pol\u00edtica de gest\u00e3o que facilite a educa\u00e7\u00e3o h\u00edbrida e o uso das TDICs nos processos de comunica\u00e7\u00e3o interna e externa. A composi\u00e7\u00e3o da gest\u00e3o do NTE dever\u00e1 ser definida a partir da natureza e\u00a0identidade das a\u00e7\u00f5es setoriais. Sugere-se contemplar:<\/span><\/p>\n<p style=\"text-align: justify;\" data-raofz=\"14\"><span style=\"color: #000000;\" data-raofz=\"14\"><span style=\"color: #0041b4;\"><strong>1)<\/strong>\u00a0<\/span><strong><span style=\"color: #0041b4;\">Coordenador e vice-coordenador:<\/span>\u00a0<\/strong>escolhidos pelo colegiado gestor do NTE, com tempo de gest\u00e3o previamente definido (02 anos) e referendados pelo conselho setorial\/conselho diretor.<\/span><\/p>\n<p style=\"text-align: justify;\" data-raofz=\"14\"><span style=\"color: #000000;\" data-raofz=\"14\"><span style=\"color: #00afdc;\"><span style=\"color: #0041b4;\"><strong>2)\u00a0Colegiado Gestor do NTE:<\/strong><\/span>\u00a0<\/span>formado por um representante de cada unidade do NTE.<\/span><\/p>\n<p style=\"text-align: justify;\" data-raofz=\"14\"><span style=\"color: #000000;\" data-raofz=\"14\"><span style=\"color: #00afdc;\"><strong><span style=\"color: #0041b4;\">3)\u00a0Unidades:<\/span>\u00a0<\/strong><\/span>uma unidade b\u00e1sica formada por t\u00e9cnicos de TI\/TIC e TAE (Tec. Assuntos Educacionais) \u2013 constitu\u00edda a partir da estrutura setorial\/campi avan\u00e7ado \u2013 para dar suporte aos grupos de trabalho que comp\u00f5e o NTE. Outras unidades devem ser definidas a partir da natureza das a\u00e7\u00f5es desempenhadas.<\/span><\/p>\t\t\t\t\t\t\t\t<\/div>\n\t\t\t\t<\/div>\n\t\t\t\t<div class=\"elementor-element elementor-element-ec8ea10 elementor-widget elementor-widget-heading\" data-id=\"ec8ea10\" data-element_type=\"widget\" data-e-type=\"widget\" data-widget_type=\"heading.default\">\n\t\t\t\t<div class=\"elementor-widget-container\">\n\t\t\t\t\t<h2 class=\"elementor-heading-title elementor-size-default\">Apoio SEaDIP<\/h2>\t\t\t\t<\/div>\n\t\t\t\t<\/div>\n\t\t\t\t<div class=\"elementor-element elementor-element-8bec203 elementor-widget__width-initial elementor-widget elementor-widget-text-editor\" data-id=\"8bec203\" data-element_type=\"widget\" data-e-type=\"widget\" data-widget_type=\"text-editor.default\">\n\t\t\t\t<div class=\"elementor-widget-container\">\n\t\t\t\t\t\t\t\t\t<p style=\"text-align: justify;\" data-raofz=\"14\"><span style=\"color: #000000;\" data-raofz=\"14\">O NTE ter\u00e1 seu escopo de atua\u00e7\u00e3o definido pelo setor, mas contar\u00e1 com a SEaDIP como elo de apoio para a consecu\u00e7\u00e3o de suas demandas.<\/span><\/p>\n<p style=\"text-align: justify;\" data-raofz=\"14\"><span style=\"color: #000000;\" data-raofz=\"14\">No processo de implanta\u00e7\u00e3o, caber\u00e1 \u00e0 SEaDIP:<\/span><\/p>\n<ul style=\"text-align: justify;\">\n<li data-raofz=\"14\"><span style=\"color: #000000;\">promover reuni\u00e3o para planejamento estrat\u00e9gico;<\/span><\/li>\n<li data-raofz=\"14\"><span style=\"color: #000000;\">designar equipamentos para in\u00edcio dos trabalhos\/a\u00e7\u00f5es do NTE;<\/span><\/li>\n<li data-raofz=\"14\"><span style=\"color: #000000;\">realizar oferta de a\u00e7\u00f5es a partir do projeto Viv\u00eancias Formativas para a Educa\u00e7\u00e3o H\u00edbrida;<\/span><\/li>\n<li data-raofz=\"14\"><span style=\"color: #000000;\">apoiar o estabelecimento de parcerias para a consecu\u00e7\u00e3o do plano de a\u00e7\u00e3o do NTE.<\/span><\/li>\n<\/ul>\t\t\t\t\t\t\t\t<\/div>\n\t\t\t\t<\/div>\n\t\t\t\t\t<\/div>\n\t\t<\/div>\n\t\t\t\t\t<\/div>\n\t\t<\/section>\n\t\t\t\t<section class=\"elementor-section elementor-top-section elementor-element elementor-element-740f81e elementor-section-stretched elementor-section-boxed elementor-section-height-default elementor-section-height-default\" data-id=\"740f81e\" data-element_type=\"section\" data-e-type=\"section\" data-settings=\"{&quot;stretch_section&quot;:&quot;section-stretched&quot;}\">\n\t\t\t\t\t\t<div class=\"elementor-container elementor-column-gap-default\">\n\t\t\t\t\t<div class=\"elementor-column elementor-col-100 elementor-top-column elementor-element elementor-element-d090838\" data-id=\"d090838\" data-element_type=\"column\" data-e-type=\"column\" data-settings=\"{&quot;background_background&quot;:&quot;classic&quot;}\">\n\t\t\t<div class=\"elementor-widget-wrap elementor-element-populated\">\n\t\t\t\t\t\t<div class=\"elementor-element elementor-element-fa2e3ab elementor-widget elementor-widget-text-editor\" data-id=\"fa2e3ab\" data-element_type=\"widget\" data-e-type=\"widget\" data-widget_type=\"text-editor.default\">\n\t\t\t\t<div class=\"elementor-widget-container\">\n\t\t\t\t\t\t\t\t\t<span style=\"text-align: center;\">SEaDIP &#8211; Superintend\u00eancia de Educa\u00e7\u00e3o \u00e0 Dist\u00e2ncia e Inova\u00e7\u00f5es Pedag\u00f3gicas<\/span>\n<br><span style=\"text-align: center;\">Pra\u00e7a Santos Andrade, 50 | Centro | CEP: 80.020-300 | Curitiba\/PR<\/span><br>\n<span style=\"text-align: center;\">Contato (Teams ou e-mail):\u00a0 seadip@ufpr.br<\/span>\t\t\t\t\t\t\t\t<\/div>\n\t\t\t\t<\/div>\n\t\t\t\t<div class=\"elementor-element elementor-element-6fbe448 elementor-shape-circle elementor-grid-0 e-grid-align-center elementor-widget elementor-widget-social-icons\" data-id=\"6fbe448\" data-element_type=\"widget\" data-e-type=\"widget\" data-widget_type=\"social-icons.default\">\n\t\t\t\t<div class=\"elementor-widget-container\">\n\t\t\t\t\t\t\t<div class=\"elementor-social-icons-wrapper elementor-grid\" role=\"list\">\n\t\t\t\t\t\t\t<span class=\"elementor-grid-item\" role=\"listitem\">\n\t\t\t\t\t<a class=\"elementor-icon elementor-social-icon elementor-social-icon-instagram elementor-repeater-item-8904920\" href=\"https:\/\/www.instagram.com\/cipead\" target=\"_blank\">\n\t\t\t\t\t\t<span class=\"elementor-screen-only\">Instagram<\/span>\n\t\t\t\t\t\t<i aria-hidden=\"true\" class=\"fab fa-instagram\"><\/i>\t\t\t\t\t<\/a>\n\t\t\t\t<\/span>\n\t\t\t\t\t\t\t<span class=\"elementor-grid-item\" role=\"listitem\">\n\t\t\t\t\t<a class=\"elementor-icon elementor-social-icon elementor-social-icon-youtube elementor-repeater-item-10dbd68\" href=\"https:\/\/www.youtube.com\/channel\/UCpdgtJ711ZSg029yKwyjzhA\/featured\" target=\"_blank\">\n\t\t\t\t\t\t<span class=\"elementor-screen-only\">Youtube<\/span>\n\t\t\t\t\t\t<i aria-hidden=\"true\" class=\"fab fa-youtube\"><\/i>\t\t\t\t\t<\/a>\n\t\t\t\t<\/span>\n\t\t\t\t\t\t\t<span class=\"elementor-grid-item\" role=\"listitem\">\n\t\t\t\t\t<a class=\"elementor-icon elementor-social-icon elementor-social-icon-envelope elementor-repeater-item-47ed4f2\" href=\"http:\/\/cipead.ufpr.br\/\/index.php\/contato\/\">\n\t\t\t\t\t\t<span class=\"elementor-screen-only\">Envelope<\/span>\n\t\t\t\t\t\t<i aria-hidden=\"true\" class=\"fas fa-envelope\"><\/i>\t\t\t\t\t<\/a>\n\t\t\t\t<\/span>\n\t\t\t\t\t<\/div>\n\t\t\t\t\t\t<\/div>\n\t\t\t\t<\/div>\n\t\t\t\t\t<\/div>\n\t\t<\/div>\n\t\t\t\t\t<\/div>\n\t\t<\/section>\n\t\t\t\t<\/div>\n\t\t","protected":false},"excerpt":{"rendered":"<p>MANUAL SOBRE A ESTRUTURA E FUNCIONAMENTO DOS NTES Defini\u00e7\u00e3o Os NTEs constituir\u00e3o espa\u00e7os destinados a favorecer a inser\u00e7\u00e3o da Educa\u00e7\u00e3o H\u00edbrida e da EaD nos diversos setores da UFPR por meio de a\u00e7\u00f5es que facilitem a produ\u00e7\u00e3o e a inclus\u00e3o&#8230; <a href=\"https:\/\/cipead.ufpr.br\/index.php\/apresentacao-2\/\" class=\"readmore\">Leia mais&#8230;<span class=\"screen-reader-text\">APRESENTA\u00c7\u00c3O<\/span><span class=\"fa fa-angle-double-right\" aria-hidden=\"true\"><\/span><\/a><\/p>\n","protected":false},"author":39,"featured_media":0,"parent":0,"menu_order":0,"comment_status":"closed","ping_status":"closed","template":"","meta":{"_eb_attr":"","footnotes":""},"class_list":["post-9485","page","type-page","status-publish","hentry"],"_links":{"self":[{"href":"https:\/\/cipead.ufpr.br\/index.php\/wp-json\/wp\/v2\/pages\/9485","targetHints":{"allow":["GET"]}}],"collection":[{"href":"https:\/\/cipead.ufpr.br\/index.php\/wp-json\/wp\/v2\/pages"}],"about":[{"href":"https:\/\/cipead.ufpr.br\/index.php\/wp-json\/wp\/v2\/types\/page"}],"author":[{"embeddable":true,"href":"https:\/\/cipead.ufpr.br\/index.php\/wp-json\/wp\/v2\/users\/39"}],"replies":[{"embeddable":true,"href":"https:\/\/cipead.ufpr.br\/index.php\/wp-json\/wp\/v2\/comments?post=9485"}],"version-history":[{"count":41,"href":"https:\/\/cipead.ufpr.br\/index.php\/wp-json\/wp\/v2\/pages\/9485\/revisions"}],"predecessor-version":[{"id":9552,"href":"https:\/\/cipead.ufpr.br\/index.php\/wp-json\/wp\/v2\/pages\/9485\/revisions\/9552"}],"wp:attachment":[{"href":"https:\/\/cipead.ufpr.br\/index.php\/wp-json\/wp\/v2\/media?parent=9485"}],"curies":[{"name":"wp","href":"https:\/\/api.w.org\/{rel}","templated":true}]}}