{"id":9823,"date":"2025-08-08T16:20:09","date_gmt":"2025-08-08T19:20:09","guid":{"rendered":"https:\/\/cipead.ufpr.br\/?page_id=9823"},"modified":"2025-10-21T11:19:07","modified_gmt":"2025-10-21T14:19:07","slug":"formulario-de-inscricao-edital-no-34-2025-seadip-ufpr","status":"publish","type":"page","link":"https:\/\/cipead.ufpr.br\/index.php\/formulario-de-inscricao-edital-no-34-2025-seadip-ufpr\/","title":{"rendered":"Formul\u00e1rio de Inscri\u00e7\u00e3o Edital N\u00ba 34\/2025 \u2013 SEaDIP\/UFPR &#8211; Processo Seletivo para professor de cursos de Gest\u00e3o Cultural EAD da Universidade Aberta do Brasil no \u00e2mbito da Universidade Federal do Paran\u00e1."},"content":{"rendered":"\n<h3 class=\"wp-block-heading has-black-color has-text-color\"><strong>Inscri\u00e7\u00f5es encerradas, conforme cronograma do Edital N\u00ba 34\/2025.<\/strong><\/h3>\n","protected":false},"excerpt":{"rendered":"<p>Inscri\u00e7\u00f5es encerradas, conforme cronograma do Edital N\u00ba 34\/2025.<\/p>\n","protected":false},"author":39,"featured_media":0,"parent":0,"menu_order":0,"comment_status":"closed","ping_status":"closed","template":"","meta":{"_eb_attr":"","footnotes":""},"class_list":["post-9823","page","type-page","status-publish","hentry"],"_links":{"self":[{"href":"https:\/\/cipead.ufpr.br\/index.php\/wp-json\/wp\/v2\/pages\/9823","targetHints":{"allow":["GET"]}}],"collection":[{"href":"https:\/\/cipead.ufpr.br\/index.php\/wp-json\/wp\/v2\/pages"}],"about":[{"href":"https:\/\/cipead.ufpr.br\/index.php\/wp-json\/wp\/v2\/types\/page"}],"author":[{"embeddable":true,"href":"https:\/\/cipead.ufpr.br\/index.php\/wp-json\/wp\/v2\/users\/39"}],"replies":[{"embeddable":true,"href":"https:\/\/cipead.ufpr.br\/index.php\/wp-json\/wp\/v2\/comments?post=9823"}],"version-history":[{"count":5,"href":"https:\/\/cipead.ufpr.br\/index.php\/wp-json\/wp\/v2\/pages\/9823\/revisions"}],"predecessor-version":[{"id":10182,"href":"https:\/\/cipead.ufpr.br\/index.php\/wp-json\/wp\/v2\/pages\/9823\/revisions\/10182"}],"wp:attachment":[{"href":"https:\/\/cipead.ufpr.br\/index.php\/wp-json\/wp\/v2\/media?parent=9823"}],"curies":[{"name":"wp","href":"https:\/\/api.w.org\/{rel}","templated":true}]}}